{"id":31723,"date":"2026-02-23T19:25:32","date_gmt":"2026-02-23T19:25:32","guid":{"rendered":"https:\/\/kedosilicone.com.tr\/urun\/giyim-kaliplama-icin-kabartma-efektli-sivi-organik-silikon\/"},"modified":"2026-02-25T14:02:59","modified_gmt":"2026-02-25T14:02:59","slug":"%d8%b3%d9%8a%d9%84%d9%8a%d9%83%d9%88%d9%86-%d8%b9%d8%b6%d9%88%d9%8a-%d8%b3%d8%a7%d8%a6%d9%84-%d8%a8%d8%aa%d8%a3%d8%ab%d9%8a%d8%b1-%d8%a8%d8%a7%d8%b1%d8%b2-%d9%84%d8%aa%d8%b4%d9%83%d9%8a%d9%84-%d8%a7","status":"publish","type":"product","link":"https:\/\/kedosilicone.com.tr\/ar\/urun\/%d8%b3%d9%8a%d9%84%d9%8a%d9%83%d9%88%d9%86-%d8%b9%d8%b6%d9%88%d9%8a-%d8%b3%d8%a7%d8%a6%d9%84-%d8%a8%d8%aa%d8%a3%d8%ab%d9%8a%d8%b1-%d8%a8%d8%a7%d8%b1%d8%b2-%d9%84%d8%aa%d8%b4%d9%83%d9%8a%d9%84-%d8%a7\/","title":{"rendered":"\u0633\u064a\u0644\u064a\u0643\u0648\u0646 \u0639\u0636\u0648\u064a \u0633\u0627\u0626\u0644 \u0628\u062a\u0623\u062b\u064a\u0631 \u0628\u0627\u0631\u0632 \u0644\u062a\u0634\u0643\u064a\u0644 \u0627\u0644\u0645\u0644\u0627\u0628\u0633 &#8211; KD900-40-T-1"},"content":{"rendered":"<div id=\"kedo-product\">\n<h2 class=\"kedo-title\">\u0633\u064a\u0644\u064a\u0643\u0648\u0646 \u0639\u0636\u0648\u064a \u0633\u0627\u0626\u0644 \u0628\u062a\u0623\u062b\u064a\u0631 \u0628\u0627\u0631\u0632 \u0644\u062a\u0634\u0643\u064a\u0644 \u0627\u0644\u0645\u0644\u0627\u0628\u0633 &#8211; KD900-40-T-1<\/h2>\n<h3 class=\"kedo-subtitle\">\u0648\u0635\u0641 \u0627\u0644\u0645\u0646\u062a\u062c<\/h3>\n<p class=\"kedo-desc\">\u064a\u062a\u0645 \u0645\u0634\u0627\u0631\u0643\u0629 \u0646\u0633\u0628\u0629 \u0627\u0644\u062e\u0644\u0637 \u0648\u0627\u0644\u062a\u0641\u0627\u0635\u064a\u0644 \u0627\u0644\u062a\u0642\u0646\u064a\u0629 \u0642\u0628\u0644 \u0627\u0644\u0637\u0644\u0628 \u0648\u0641\u0642\u064b\u0627 \u0644\u0638\u0631\u0648\u0641 \u0627\u0644\u062a\u0637\u0628\u064a\u0642 \u0648\u0627\u0644\u0639\u0645\u0644\u064a\u0627\u062a.<\/p>\n<h3 class=\"kedo-subtitle\">\u0627\u0644\u0645\u0639\u0644\u0648\u0645\u0627\u062a \u0627\u0644\u062a\u0642\u0646\u064a\u0629<\/h3>\n<div id=\"kedo-spec-table\" class=\"kedo-spec-wrap\">\n<table class=\"kedo-spec-table\" aria-label=\"\u0627\u0644\u0645\u0639\u0644\u0648\u0645\u0627\u062a \u0627\u0644\u062a\u0642\u0646\u064a\u0629\">\n<thead>\n<tr>\n<th>\u0627\u0644\u0634\u0647\u0627\u062f\u0627\u062a<\/th>\n<th>\u0627\u0644\u0645\u0648\u0627\u0635\u0641\u0627\u062a<\/th>\n<th>\u0627\u0644\u0639\u0644\u0627\u0645\u0629 \u0627\u0644\u062a\u062c\u0627\u0631\u064a\u0629<\/th>\n<th>\u0628\u0644\u062f \u0627\u0644\u0645\u0646\u0634\u0623<\/th>\n<th>\u0631\u0642\u0645 \u0627\u0644\u0645\u0648\u062f\u064a\u0644<\/th>\n<\/tr>\n<\/thead>\n<tbody>\n<tr>\n<td>ISO, FDA, REACH, RoHS<\/td>\n<td><\/td>\n<td>KEDO<\/td>\n<td>\u0627\u0644\u0635\u064a\u0646<\/td>\n<td>KD900-40-T-1<\/td>\n<\/tr>\n<\/tbody>\n<\/table><\/div>\n<h3 class=\"kedo-subtitle\">\u0627\u0644\u0623\u0633\u0626\u0644\u0629 \u0627\u0644\u0634\u0627\u0626\u0639\u0629<\/h3>\n<div id=\"kedo-faq\" class=\"kedo-faq\">\n<div class=\"kedo-faq-item\">\n      <strong>\u0647\u0644 \u064a\u0645\u0643\u0646\u0646\u064a \u0627\u0644\u062d\u0635\u0648\u0644 \u0639\u0644\u0649 \u0639\u064a\u0646\u0629\u061f<\/strong><\/p>\n<p>\u0646\u0639\u0645\u060c \u064a\u0645\u0643\u0646 \u0625\u0631\u0633\u0627\u0644 \u0639\u064a\u0646\u0629 \u0639\u0646\u062f \u0627\u0644\u0637\u0644\u0628 (\u062d\u0633\u0628 \u062a\u0648\u0641\u0631 \u0627\u0644\u0645\u062e\u0632\u0648\u0646 \u0648\u0638\u0631\u0648\u0641 \u0627\u0644\u0634\u062d\u0646).<\/p>\n<\/p><\/div>\n<div class=\"kedo-faq-item\">\n      <strong>\u0645\u0627 \u0647\u064a \u0646\u0633\u0628\u0629 \u0627\u0644\u062e\u0644\u0637\u061f<\/strong><\/p>\n<p>\u062a\u062e\u062a\u0644\u0641 \u062d\u0633\u0628 \u0646\u0648\u0639 \u0627\u0644\u0645\u0646\u062a\u062c\u061b \u064a\u062a\u0645 \u0645\u0634\u0627\u0631\u0643\u0629 \u0627\u0644\u0645\u0639\u0644\u0648\u0645\u0627\u062a \u0627\u0644\u062a\u0642\u0646\u064a\u0629 \u0642\u0628\u0644 \u0627\u0644\u0637\u0644\u0628.<\/p>\n<\/p><\/div>\n<div class=\"kedo-faq-item\">\n      <strong>\u0645\u0627 \u0647\u0648 \u0627\u0644\u062d\u062f \u0627\u0644\u0623\u062f\u0646\u0649 \u0644\u0644\u0637\u0644\u0628 (MOQ)\u061f<\/strong><\/p>\n<p>\u0642\u062f \u064a\u062e\u062a\u0644\u0641 \u0627\u0644\u062d\u062f \u0627\u0644\u0623\u062f\u0646\u0649 \u0644\u0644\u0637\u0644\u0628 \u062d\u0633\u0628 \u0645\u062c\u0645\u0648\u0639\u0629 \u0627\u0644\u0645\u0646\u062a\u062c\u0627\u062a\u061b \u0648\u064a\u062a\u0645 \u062a\u0648\u0636\u064a\u062d\u0647 \u0641\u064a \u0645\u0631\u062d\u0644\u0629 \u0627\u0644\u0639\u0631\u0636.<\/p>\n<\/p><\/div>\n<div class=\"kedo-faq-item\">\n      <strong>\u0645\u0627 \u0647\u064a \u062e\u064a\u0627\u0631\u0627\u062a \u0627\u0644\u062a\u0639\u0628\u0626\u0629\u061f<\/strong><\/p>\n<p>\u0639\u0627\u062f\u0629\u064b \u0628\u0631\u0627\u0645\u064a\u0644 20 \u0643\u062c\u0645\u061b \u0648\u064a\u0645\u0643\u0646 \u062a\u0642\u062f\u064a\u0645 \u062e\u064a\u0627\u0631\u0627\u062a \u062a\u0639\u0628\u0626\u0629 \u0645\u062e\u062a\u0644\u0641\u0629 \u062d\u0633\u0628 \u0645\u062c\u0645\u0648\u0639\u0629 \u0627\u0644\u0645\u0646\u062a\u062c\u0627\u062a.<\/p>\n<\/p><\/div>\n<div class=\"kedo-faq-item\">\n      <strong>\u0645\u0627 \u0647\u064a \u0627\u0644\u0634\u0647\u0627\u062f\u0627\u062a \u0627\u0644\u0645\u062a\u0648\u0641\u0631\u0629\u061f<\/strong><\/p>\n<p>\u064a\u062a\u0645 \u062a\u0648\u0641\u064a\u0631 \u0645\u0639\u0644\u0648\u0645\u0627\u062a \u0627\u0644\u0634\u0647\u0627\u062f\u0627\u062a \u0645\u062b\u0644 ISO \u0648FDA \u0648REACH \u0648RoHS \u062d\u0633\u0628 \u0627\u0644\u0645\u0646\u062a\u062c.<\/p>\n<\/p><\/div>\n<\/p><\/div>\n<\/div>\n","protected":false},"excerpt":{"rendered":"<p>\u0627\u0644\u0645\u0646\u062a\u062c \u0645\u0646\u0627\u0633\u0628 \u0644\u0639\u0645\u0644\u064a\u0627\u062a \u0627\u0644\u0625\u0646\u062a\u0627\u062c \u0627\u0644\u062a\u064a \u062a\u0633\u062a\u0647\u062f\u0641 \u0623\u062f\u0627\u0621\u064b \u062b\u0627\u0628\u062a\u064b\u0627 \u0648\u0641\u0642\u064b\u0627 \u0644\u0646\u0648\u0639 \u0627\u0644\u062a\u0637\u0628\u064a\u0642.<\/p>\n","protected":false},"featured_media":30246,"comment_status":"open","ping_status":"closed","template":"","meta":[],"product_brand":[],"product_cat":[84],"product_tag":[],"class_list":{"0":"post-31723","1":"product","2":"type-product","3":"status-publish","4":"has-post-thumbnail","6":"product_cat-screen-printing-silicones-ar","8":"first","9":"instock","10":"shipping-taxable","11":"product-type-simple"},"yoast_head":"<!-- This site is optimized with the Yoast SEO Premium plugin v26.8 (Yoast SEO v26.9) - https:\/\/yoast.com\/product\/yoast-seo-premium-wordpress\/ -->\n<title>\u0633\u064a\u0644\u064a\u0643\u0648\u0646 \u0639\u0636\u0648\u064a \u0633\u0627\u0626\u0644 \u0628\u062a\u0623\u062b\u064a\u0631 \u0628\u0627\u0631\u0632 \u0644\u062a\u0634\u0643\u064a\u0644 \u0627\u0644\u0645\u0644\u0627\u0628\u0633 - KD900-40-T-1 | Kedo Silicone<\/title>\n<meta name=\"description\" content=\"\u0627\u0644\u0645\u0646\u062a\u062c \u0645\u0646\u0627\u0633\u0628 \u0644\u0639\u0645\u0644\u064a\u0627\u062a \u0627\u0644\u0625\u0646\u062a\u0627\u062c \u0627\u0644\u062a\u064a \u062a\u0633\u062a\u0647\u062f\u0641 \u0623\u062f\u0627\u0621\u064b \u062b\u0627\u0628\u062a\u064b\u0627 \u0648\u0641\u0642\u064b\u0627 \u0644\u0646\u0648\u0639 \u0627\u0644\u062a\u0637\u0628\u064a\u0642. | Kedo Silicone\" \/>\n<meta name=\"robots\" content=\"index, follow, max-snippet:-1, max-image-preview:large, max-video-preview:-1\" \/>\n<link rel=\"canonical\" href=\"https:\/\/kedosilicone.com.tr\/ar\/urun\/\u0633\u064a\u0644\u064a\u0643\u0648\u0646-\u0639\u0636\u0648\u064a-\u0633\u0627\u0626\u0644-\u0628\u062a\u0623\u062b\u064a\u0631-\u0628\u0627\u0631\u0632-\u0644\u062a\u0634\u0643\u064a\u0644-\u0627\/\" \/>\n<meta property=\"og:locale\" content=\"ar_AR\" \/>\n<meta property=\"og:type\" content=\"article\" \/>\n<meta property=\"og:title\" content=\"\u0633\u064a\u0644\u064a\u0643\u0648\u0646 \u0639\u0636\u0648\u064a \u0633\u0627\u0626\u0644 \u0628\u062a\u0623\u062b\u064a\u0631 \u0628\u0627\u0631\u0632 \u0644\u062a\u0634\u0643\u064a\u0644 \u0627\u0644\u0645\u0644\u0627\u0628\u0633 - KD900-40-T-1 | Kedo Silicone\" \/>\n<meta property=\"og:description\" content=\"\u0627\u0644\u0645\u0646\u062a\u062c \u0645\u0646\u0627\u0633\u0628 \u0644\u0639\u0645\u0644\u064a\u0627\u062a \u0627\u0644\u0625\u0646\u062a\u0627\u062c \u0627\u0644\u062a\u064a \u062a\u0633\u062a\u0647\u062f\u0641 \u0623\u062f\u0627\u0621\u064b \u062b\u0627\u0628\u062a\u064b\u0627 \u0648\u0641\u0642\u064b\u0627 \u0644\u0646\u0648\u0639 \u0627\u0644\u062a\u0637\u0628\u064a\u0642.\" \/>\n<meta property=\"og:url\" content=\"https:\/\/kedosilicone.com.tr\/ar\/urun\/\u0633\u064a\u0644\u064a\u0643\u0648\u0646-\u0639\u0636\u0648\u064a-\u0633\u0627\u0626\u0644-\u0628\u062a\u0623\u062b\u064a\u0631-\u0628\u0627\u0631\u0632-\u0644\u062a\u0634\u0643\u064a\u0644-\u0627\/\" \/>\n<meta property=\"og:site_name\" content=\"Kedo Silicone\" \/>\n<meta property=\"article:publisher\" content=\"https:\/\/www.facebook.com\/ketossilicone\/\" \/>\n<meta property=\"article:modified_time\" content=\"2026-02-25T14:02:59+00:00\" \/>\n<meta property=\"og:image\" content=\"https:\/\/kedosilicone.com.tr\/wp-content\/uploads\/2026\/01\/Embossed-Liquid-Organic-Silicone-for-Clothing-Molding-3.webp\" \/>\n\t<meta property=\"og:image:width\" content=\"1500\" \/>\n\t<meta property=\"og:image:height\" content=\"1500\" \/>\n\t<meta property=\"og:image:type\" content=\"image\/webp\" \/>\n<meta name=\"twitter:card\" content=\"summary_large_image\" \/>\n<meta name=\"twitter:label1\" content=\"\u0627\u0644\u0633\u0639\u0631\" \/>\n\t<meta name=\"twitter:data1\" content=\"\" \/>\n\t<meta name=\"twitter:label2\" content=\"\u0627\u0644\u062a\u0648\u0641\u0631\" \/>\n\t<meta name=\"twitter:data2\" content=\"\u0645\u062a\u0648\u0641\u0631 \u0641\u064a \u0627\u0644\u0645\u062e\u0632\u0648\u0646\" \/>\n<script type=\"application\/ld+json\" class=\"yoast-schema-graph\">{\"@context\":\"https:\/\/schema.org\",\"@graph\":[{\"@type\":\"WebPage\",\"@id\":\"https:\/\/kedosilicone.com.tr\/ar\/urun\/%d8%b3%d9%8a%d9%84%d9%8a%d9%83%d9%88%d9%86-%d8%b9%d8%b6%d9%88%d9%8a-%d8%b3%d8%a7%d8%a6%d9%84-%d8%a8%d8%aa%d8%a3%d8%ab%d9%8a%d8%b1-%d8%a8%d8%a7%d8%b1%d8%b2-%d9%84%d8%aa%d8%b4%d9%83%d9%8a%d9%84-%d8%a7\/\",\"url\":\"https:\/\/kedosilicone.com.tr\/ar\/urun\/%d8%b3%d9%8a%d9%84%d9%8a%d9%83%d9%88%d9%86-%d8%b9%d8%b6%d9%88%d9%8a-%d8%b3%d8%a7%d8%a6%d9%84-%d8%a8%d8%aa%d8%a3%d8%ab%d9%8a%d8%b1-%d8%a8%d8%a7%d8%b1%d8%b2-%d9%84%d8%aa%d8%b4%d9%83%d9%8a%d9%84-%d8%a7\/\",\"name\":\"\u0633\u064a\u0644\u064a\u0643\u0648\u0646 \u0639\u0636\u0648\u064a \u0633\u0627\u0626\u0644 \u0628\u062a\u0623\u062b\u064a\u0631 \u0628\u0627\u0631\u0632 \u0644\u062a\u0634\u0643\u064a\u0644 \u0627\u0644\u0645\u0644\u0627\u0628\u0633 - KD900-40-T-1 | Kedo Silicone\",\"isPartOf\":{\"@id\":\"https:\/\/kedosilicone.com.tr\/#website\"},\"primaryImageOfPage\":{\"@id\":\"https:\/\/kedosilicone.com.tr\/ar\/urun\/%d8%b3%d9%8a%d9%84%d9%8a%d9%83%d9%88%d9%86-%d8%b9%d8%b6%d9%88%d9%8a-%d8%b3%d8%a7%d8%a6%d9%84-%d8%a8%d8%aa%d8%a3%d8%ab%d9%8a%d8%b1-%d8%a8%d8%a7%d8%b1%d8%b2-%d9%84%d8%aa%d8%b4%d9%83%d9%8a%d9%84-%d8%a7\/#primaryimage\"},\"image\":{\"@id\":\"https:\/\/kedosilicone.com.tr\/ar\/urun\/%d8%b3%d9%8a%d9%84%d9%8a%d9%83%d9%88%d9%86-%d8%b9%d8%b6%d9%88%d9%8a-%d8%b3%d8%a7%d8%a6%d9%84-%d8%a8%d8%aa%d8%a3%d8%ab%d9%8a%d8%b1-%d8%a8%d8%a7%d8%b1%d8%b2-%d9%84%d8%aa%d8%b4%d9%83%d9%8a%d9%84-%d8%a7\/#primaryimage\"},\"thumbnailUrl\":\"https:\/\/kedosilicone.com.tr\/wp-content\/uploads\/2026\/01\/Embossed-Liquid-Organic-Silicone-for-Clothing-Molding-3.webp\",\"datePublished\":\"2026-02-23T19:25:32+00:00\",\"dateModified\":\"2026-02-25T14:02:59+00:00\",\"description\":\"\u0627\u0644\u0645\u0646\u062a\u062c \u0645\u0646\u0627\u0633\u0628 \u0644\u0639\u0645\u0644\u064a\u0627\u062a \u0627\u0644\u0625\u0646\u062a\u0627\u062c \u0627\u0644\u062a\u064a \u062a\u0633\u062a\u0647\u062f\u0641 \u0623\u062f\u0627\u0621\u064b \u062b\u0627\u0628\u062a\u064b\u0627 \u0648\u0641\u0642\u064b\u0627 \u0644\u0646\u0648\u0639 \u0627\u0644\u062a\u0637\u0628\u064a\u0642. | Kedo Silicone\",\"breadcrumb\":{\"@id\":\"https:\/\/kedosilicone.com.tr\/ar\/urun\/%d8%b3%d9%8a%d9%84%d9%8a%d9%83%d9%88%d9%86-%d8%b9%d8%b6%d9%88%d9%8a-%d8%b3%d8%a7%d8%a6%d9%84-%d8%a8%d8%aa%d8%a3%d8%ab%d9%8a%d8%b1-%d8%a8%d8%a7%d8%b1%d8%b2-%d9%84%d8%aa%d8%b4%d9%83%d9%8a%d9%84-%d8%a7\/#breadcrumb\"},\"inLanguage\":\"ar\",\"potentialAction\":[{\"@type\":\"ReadAction\",\"target\":[\"https:\/\/kedosilicone.com.tr\/ar\/urun\/%d8%b3%d9%8a%d9%84%d9%8a%d9%83%d9%88%d9%86-%d8%b9%d8%b6%d9%88%d9%8a-%d8%b3%d8%a7%d8%a6%d9%84-%d8%a8%d8%aa%d8%a3%d8%ab%d9%8a%d8%b1-%d8%a8%d8%a7%d8%b1%d8%b2-%d9%84%d8%aa%d8%b4%d9%83%d9%8a%d9%84-%d8%a7\/\"]}]},{\"@type\":\"ImageObject\",\"inLanguage\":\"ar\",\"@id\":\"https:\/\/kedosilicone.com.tr\/ar\/urun\/%d8%b3%d9%8a%d9%84%d9%8a%d9%83%d9%88%d9%86-%d8%b9%d8%b6%d9%88%d9%8a-%d8%b3%d8%a7%d8%a6%d9%84-%d8%a8%d8%aa%d8%a3%d8%ab%d9%8a%d8%b1-%d8%a8%d8%a7%d8%b1%d8%b2-%d9%84%d8%aa%d8%b4%d9%83%d9%8a%d9%84-%d8%a7\/#primaryimage\",\"url\":\"https:\/\/kedosilicone.com.tr\/wp-content\/uploads\/2026\/01\/Embossed-Liquid-Organic-Silicone-for-Clothing-Molding-3.webp\",\"contentUrl\":\"https:\/\/kedosilicone.com.tr\/wp-content\/uploads\/2026\/01\/Embossed-Liquid-Organic-Silicone-for-Clothing-Molding-3.webp\",\"width\":1500,\"height\":1500},{\"@type\":\"BreadcrumbList\",\"@id\":\"https:\/\/kedosilicone.com.tr\/ar\/urun\/%d8%b3%d9%8a%d9%84%d9%8a%d9%83%d9%88%d9%86-%d8%b9%d8%b6%d9%88%d9%8a-%d8%b3%d8%a7%d8%a6%d9%84-%d8%a8%d8%aa%d8%a3%d8%ab%d9%8a%d8%b1-%d8%a8%d8%a7%d8%b1%d8%b2-%d9%84%d8%aa%d8%b4%d9%83%d9%8a%d9%84-%d8%a7\/#breadcrumb\",\"itemListElement\":[{\"@type\":\"ListItem\",\"position\":1,\"name\":\"Ana Sayfa\",\"item\":\"https:\/\/kedosilicone.com.tr\/\"},{\"@type\":\"ListItem\",\"position\":2,\"name\":\"\u00dcr\u00fcnler\",\"item\":\"https:\/\/kedosilicone.com.tr\/urunler\/\"},{\"@type\":\"ListItem\",\"position\":3,\"name\":\"\u0633\u064a\u0644\u064a\u0643\u0648\u0646 \u0639\u0636\u0648\u064a \u0633\u0627\u0626\u0644 \u0628\u062a\u0623\u062b\u064a\u0631 \u0628\u0627\u0631\u0632 \u0644\u062a\u0634\u0643\u064a\u0644 \u0627\u0644\u0645\u0644\u0627\u0628\u0633 &#8211; KD900-40-T-1\"}]},{\"@type\":\"WebSite\",\"@id\":\"https:\/\/kedosilicone.com.tr\/#website\",\"url\":\"https:\/\/kedosilicone.com.tr\/\",\"name\":\"Kedo Silicone T\u00fcrkiye\",\"description\":\"Silikon Teknolojilerinde Ar-Ge ve \u00dcretim Lideri\",\"publisher\":{\"@id\":\"https:\/\/kedosilicone.com.tr\/#organization\"},\"alternateName\":\"Kedo Silicon\",\"potentialAction\":[{\"@type\":\"SearchAction\",\"target\":{\"@type\":\"EntryPoint\",\"urlTemplate\":\"https:\/\/kedosilicone.com.tr\/?s={search_term_string}\"},\"query-input\":{\"@type\":\"PropertyValueSpecification\",\"valueRequired\":true,\"valueName\":\"search_term_string\"}}],\"inLanguage\":\"ar\"},{\"@type\":\"Organization\",\"@id\":\"https:\/\/kedosilicone.com.tr\/#organization\",\"name\":\"Kedo Silicone\",\"alternateName\":\"Kedo Silicon\",\"url\":\"https:\/\/kedosilicone.com.tr\/\",\"logo\":{\"@type\":\"ImageObject\",\"inLanguage\":\"ar\",\"@id\":\"https:\/\/kedosilicone.com.tr\/#\/schema\/logo\/image\/\",\"url\":\"https:\/\/kedosilicone.com.tr\/wp-content\/uploads\/2026\/01\/KEDO-SILICONE-TURKIYE-1-1.png\",\"contentUrl\":\"https:\/\/kedosilicone.com.tr\/wp-content\/uploads\/2026\/01\/KEDO-SILICONE-TURKIYE-1-1.png\",\"width\":500,\"height\":500,\"caption\":\"Kedo Silicone\"},\"image\":{\"@id\":\"https:\/\/kedosilicone.com.tr\/#\/schema\/logo\/image\/\"},\"sameAs\":[\"https:\/\/www.facebook.com\/ketossilicone\/\",\"https:\/\/www.instagram.com\/ketossilicone\/\",\"https:\/\/api.whatsapp.com\/message\/NXSQFMNV6GHNL1\"],\"description\":\"KEDO Silicone, end\u00fcstriyel silikon \u00e7\u00f6z\u00fcmleri alan\u0131nda Ar-Ge, form\u00fclasyon ve \u00fcretim yapan bir kurulu\u015ftur. Tekstil bask\u0131 silikonlar\u0131 ba\u015fta olmak \u00fczere uygulama odakl\u0131 \u00fcr\u00fcn geli\u015ftirme ve teknik destek sunar.\",\"email\":\"info@kedosilicone.com.tr\",\"telephone\":\"0 (538) 978 42 26\",\"legalName\":\"KETOS S\u0130L\u0130KON K\u0130MYA T\u0130CARET L\u0130M\u0130TED \u015e\u0130RKET\u0130\",\"foundingDate\":\"2026-01-01\",\"taxID\":\"5482504263\",\"numberOfEmployees\":{\"@type\":\"QuantitativeValue\",\"minValue\":\"1\",\"maxValue\":\"10\"}}]}<\/script>\n<meta property=\"product:price:currency\" content=\"TRY\" \/>\n<meta property=\"og:availability\" content=\"instock\" \/>\n<meta property=\"product:availability\" content=\"instock\" \/>\n<meta property=\"product:retailer_item_id\" content=\"KD900-40-T-1ar\" \/>\n<meta property=\"product:condition\" content=\"new\" \/>\n<!-- \/ Yoast SEO Premium plugin. -->","yoast_head_json":{"title":"\u0633\u064a\u0644\u064a\u0643\u0648\u0646 \u0639\u0636\u0648\u064a \u0633\u0627\u0626\u0644 \u0628\u062a\u0623\u062b\u064a\u0631 \u0628\u0627\u0631\u0632 \u0644\u062a\u0634\u0643\u064a\u0644 \u0627\u0644\u0645\u0644\u0627\u0628\u0633 - KD900-40-T-1 | Kedo Silicone","description":"\u0627\u0644\u0645\u0646\u062a\u062c \u0645\u0646\u0627\u0633\u0628 \u0644\u0639\u0645\u0644\u064a\u0627\u062a \u0627\u0644\u0625\u0646\u062a\u0627\u062c \u0627\u0644\u062a\u064a \u062a\u0633\u062a\u0647\u062f\u0641 \u0623\u062f\u0627\u0621\u064b \u062b\u0627\u0628\u062a\u064b\u0627 \u0648\u0641\u0642\u064b\u0627 \u0644\u0646\u0648\u0639 \u0627\u0644\u062a\u0637\u0628\u064a\u0642. | Kedo Silicone","robots":{"index":"index","follow":"follow","max-snippet":"max-snippet:-1","max-image-preview":"max-image-preview:large","max-video-preview":"max-video-preview:-1"},"canonical":"https:\/\/kedosilicone.com.tr\/ar\/urun\/\u0633\u064a\u0644\u064a\u0643\u0648\u0646-\u0639\u0636\u0648\u064a-\u0633\u0627\u0626\u0644-\u0628\u062a\u0623\u062b\u064a\u0631-\u0628\u0627\u0631\u0632-\u0644\u062a\u0634\u0643\u064a\u0644-\u0627\/","og_locale":"ar_AR","og_type":"article","og_title":"\u0633\u064a\u0644\u064a\u0643\u0648\u0646 \u0639\u0636\u0648\u064a \u0633\u0627\u0626\u0644 \u0628\u062a\u0623\u062b\u064a\u0631 \u0628\u0627\u0631\u0632 \u0644\u062a\u0634\u0643\u064a\u0644 \u0627\u0644\u0645\u0644\u0627\u0628\u0633 - KD900-40-T-1 | Kedo Silicone","og_description":"\u0627\u0644\u0645\u0646\u062a\u062c \u0645\u0646\u0627\u0633\u0628 \u0644\u0639\u0645\u0644\u064a\u0627\u062a \u0627\u0644\u0625\u0646\u062a\u0627\u062c \u0627\u0644\u062a\u064a \u062a\u0633\u062a\u0647\u062f\u0641 \u0623\u062f\u0627\u0621\u064b \u062b\u0627\u0628\u062a\u064b\u0627 \u0648\u0641\u0642\u064b\u0627 \u0644\u0646\u0648\u0639 \u0627\u0644\u062a\u0637\u0628\u064a\u0642.","og_url":"https:\/\/kedosilicone.com.tr\/ar\/urun\/\u0633\u064a\u0644\u064a\u0643\u0648\u0646-\u0639\u0636\u0648\u064a-\u0633\u0627\u0626\u0644-\u0628\u062a\u0623\u062b\u064a\u0631-\u0628\u0627\u0631\u0632-\u0644\u062a\u0634\u0643\u064a\u0644-\u0627\/","og_site_name":"Kedo Silicone","article_publisher":"https:\/\/www.facebook.com\/ketossilicone\/","article_modified_time":"2026-02-25T14:02:59+00:00","og_image":[{"width":1500,"height":1500,"url":"https:\/\/kedosilicone.com.tr\/wp-content\/uploads\/2026\/01\/Embossed-Liquid-Organic-Silicone-for-Clothing-Molding-3.webp","type":"image\/webp"}],"twitter_card":"summary_large_image","twitter_misc":{"\u0627\u0644\u0633\u0639\u0631":"","\u0627\u0644\u062a\u0648\u0641\u0631":"\u0645\u062a\u0648\u0641\u0631 \u0641\u064a \u0627\u0644\u0645\u062e\u0632\u0648\u0646"},"schema":{"@context":"https:\/\/schema.org","@graph":[{"@type":"WebPage","@id":"https:\/\/kedosilicone.com.tr\/ar\/urun\/%d8%b3%d9%8a%d9%84%d9%8a%d9%83%d9%88%d9%86-%d8%b9%d8%b6%d9%88%d9%8a-%d8%b3%d8%a7%d8%a6%d9%84-%d8%a8%d8%aa%d8%a3%d8%ab%d9%8a%d8%b1-%d8%a8%d8%a7%d8%b1%d8%b2-%d9%84%d8%aa%d8%b4%d9%83%d9%8a%d9%84-%d8%a7\/","url":"https:\/\/kedosilicone.com.tr\/ar\/urun\/%d8%b3%d9%8a%d9%84%d9%8a%d9%83%d9%88%d9%86-%d8%b9%d8%b6%d9%88%d9%8a-%d8%b3%d8%a7%d8%a6%d9%84-%d8%a8%d8%aa%d8%a3%d8%ab%d9%8a%d8%b1-%d8%a8%d8%a7%d8%b1%d8%b2-%d9%84%d8%aa%d8%b4%d9%83%d9%8a%d9%84-%d8%a7\/","name":"\u0633\u064a\u0644\u064a\u0643\u0648\u0646 \u0639\u0636\u0648\u064a \u0633\u0627\u0626\u0644 \u0628\u062a\u0623\u062b\u064a\u0631 \u0628\u0627\u0631\u0632 \u0644\u062a\u0634\u0643\u064a\u0644 \u0627\u0644\u0645\u0644\u0627\u0628\u0633 - KD900-40-T-1 | Kedo Silicone","isPartOf":{"@id":"https:\/\/kedosilicone.com.tr\/#website"},"primaryImageOfPage":{"@id":"https:\/\/kedosilicone.com.tr\/ar\/urun\/%d8%b3%d9%8a%d9%84%d9%8a%d9%83%d9%88%d9%86-%d8%b9%d8%b6%d9%88%d9%8a-%d8%b3%d8%a7%d8%a6%d9%84-%d8%a8%d8%aa%d8%a3%d8%ab%d9%8a%d8%b1-%d8%a8%d8%a7%d8%b1%d8%b2-%d9%84%d8%aa%d8%b4%d9%83%d9%8a%d9%84-%d8%a7\/#primaryimage"},"image":{"@id":"https:\/\/kedosilicone.com.tr\/ar\/urun\/%d8%b3%d9%8a%d9%84%d9%8a%d9%83%d9%88%d9%86-%d8%b9%d8%b6%d9%88%d9%8a-%d8%b3%d8%a7%d8%a6%d9%84-%d8%a8%d8%aa%d8%a3%d8%ab%d9%8a%d8%b1-%d8%a8%d8%a7%d8%b1%d8%b2-%d9%84%d8%aa%d8%b4%d9%83%d9%8a%d9%84-%d8%a7\/#primaryimage"},"thumbnailUrl":"https:\/\/kedosilicone.com.tr\/wp-content\/uploads\/2026\/01\/Embossed-Liquid-Organic-Silicone-for-Clothing-Molding-3.webp","datePublished":"2026-02-23T19:25:32+00:00","dateModified":"2026-02-25T14:02:59+00:00","description":"\u0627\u0644\u0645\u0646\u062a\u062c \u0645\u0646\u0627\u0633\u0628 \u0644\u0639\u0645\u0644\u064a\u0627\u062a \u0627\u0644\u0625\u0646\u062a\u0627\u062c \u0627\u0644\u062a\u064a \u062a\u0633\u062a\u0647\u062f\u0641 \u0623\u062f\u0627\u0621\u064b \u062b\u0627\u0628\u062a\u064b\u0627 \u0648\u0641\u0642\u064b\u0627 \u0644\u0646\u0648\u0639 \u0627\u0644\u062a\u0637\u0628\u064a\u0642. | Kedo Silicone","breadcrumb":{"@id":"https:\/\/kedosilicone.com.tr\/ar\/urun\/%d8%b3%d9%8a%d9%84%d9%8a%d9%83%d9%88%d9%86-%d8%b9%d8%b6%d9%88%d9%8a-%d8%b3%d8%a7%d8%a6%d9%84-%d8%a8%d8%aa%d8%a3%d8%ab%d9%8a%d8%b1-%d8%a8%d8%a7%d8%b1%d8%b2-%d9%84%d8%aa%d8%b4%d9%83%d9%8a%d9%84-%d8%a7\/#breadcrumb"},"inLanguage":"ar","potentialAction":[{"@type":"ReadAction","target":["https:\/\/kedosilicone.com.tr\/ar\/urun\/%d8%b3%d9%8a%d9%84%d9%8a%d9%83%d9%88%d9%86-%d8%b9%d8%b6%d9%88%d9%8a-%d8%b3%d8%a7%d8%a6%d9%84-%d8%a8%d8%aa%d8%a3%d8%ab%d9%8a%d8%b1-%d8%a8%d8%a7%d8%b1%d8%b2-%d9%84%d8%aa%d8%b4%d9%83%d9%8a%d9%84-%d8%a7\/"]}]},{"@type":"ImageObject","inLanguage":"ar","@id":"https:\/\/kedosilicone.com.tr\/ar\/urun\/%d8%b3%d9%8a%d9%84%d9%8a%d9%83%d9%88%d9%86-%d8%b9%d8%b6%d9%88%d9%8a-%d8%b3%d8%a7%d8%a6%d9%84-%d8%a8%d8%aa%d8%a3%d8%ab%d9%8a%d8%b1-%d8%a8%d8%a7%d8%b1%d8%b2-%d9%84%d8%aa%d8%b4%d9%83%d9%8a%d9%84-%d8%a7\/#primaryimage","url":"https:\/\/kedosilicone.com.tr\/wp-content\/uploads\/2026\/01\/Embossed-Liquid-Organic-Silicone-for-Clothing-Molding-3.webp","contentUrl":"https:\/\/kedosilicone.com.tr\/wp-content\/uploads\/2026\/01\/Embossed-Liquid-Organic-Silicone-for-Clothing-Molding-3.webp","width":1500,"height":1500},{"@type":"BreadcrumbList","@id":"https:\/\/kedosilicone.com.tr\/ar\/urun\/%d8%b3%d9%8a%d9%84%d9%8a%d9%83%d9%88%d9%86-%d8%b9%d8%b6%d9%88%d9%8a-%d8%b3%d8%a7%d8%a6%d9%84-%d8%a8%d8%aa%d8%a3%d8%ab%d9%8a%d8%b1-%d8%a8%d8%a7%d8%b1%d8%b2-%d9%84%d8%aa%d8%b4%d9%83%d9%8a%d9%84-%d8%a7\/#breadcrumb","itemListElement":[{"@type":"ListItem","position":1,"name":"Ana Sayfa","item":"https:\/\/kedosilicone.com.tr\/"},{"@type":"ListItem","position":2,"name":"\u00dcr\u00fcnler","item":"https:\/\/kedosilicone.com.tr\/urunler\/"},{"@type":"ListItem","position":3,"name":"\u0633\u064a\u0644\u064a\u0643\u0648\u0646 \u0639\u0636\u0648\u064a \u0633\u0627\u0626\u0644 \u0628\u062a\u0623\u062b\u064a\u0631 \u0628\u0627\u0631\u0632 \u0644\u062a\u0634\u0643\u064a\u0644 \u0627\u0644\u0645\u0644\u0627\u0628\u0633 &#8211; KD900-40-T-1"}]},{"@type":"WebSite","@id":"https:\/\/kedosilicone.com.tr\/#website","url":"https:\/\/kedosilicone.com.tr\/","name":"Kedo Silicone T\u00fcrkiye","description":"Silikon Teknolojilerinde Ar-Ge ve \u00dcretim Lideri","publisher":{"@id":"https:\/\/kedosilicone.com.tr\/#organization"},"alternateName":"Kedo Silicon","potentialAction":[{"@type":"SearchAction","target":{"@type":"EntryPoint","urlTemplate":"https:\/\/kedosilicone.com.tr\/?s={search_term_string}"},"query-input":{"@type":"PropertyValueSpecification","valueRequired":true,"valueName":"search_term_string"}}],"inLanguage":"ar"},{"@type":"Organization","@id":"https:\/\/kedosilicone.com.tr\/#organization","name":"Kedo Silicone","alternateName":"Kedo Silicon","url":"https:\/\/kedosilicone.com.tr\/","logo":{"@type":"ImageObject","inLanguage":"ar","@id":"https:\/\/kedosilicone.com.tr\/#\/schema\/logo\/image\/","url":"https:\/\/kedosilicone.com.tr\/wp-content\/uploads\/2026\/01\/KEDO-SILICONE-TURKIYE-1-1.png","contentUrl":"https:\/\/kedosilicone.com.tr\/wp-content\/uploads\/2026\/01\/KEDO-SILICONE-TURKIYE-1-1.png","width":500,"height":500,"caption":"Kedo Silicone"},"image":{"@id":"https:\/\/kedosilicone.com.tr\/#\/schema\/logo\/image\/"},"sameAs":["https:\/\/www.facebook.com\/ketossilicone\/","https:\/\/www.instagram.com\/ketossilicone\/","https:\/\/api.whatsapp.com\/message\/NXSQFMNV6GHNL1"],"description":"KEDO Silicone, end\u00fcstriyel silikon \u00e7\u00f6z\u00fcmleri alan\u0131nda Ar-Ge, form\u00fclasyon ve \u00fcretim yapan bir kurulu\u015ftur. Tekstil bask\u0131 silikonlar\u0131 ba\u015fta olmak \u00fczere uygulama odakl\u0131 \u00fcr\u00fcn geli\u015ftirme ve teknik destek sunar.","email":"info@kedosilicone.com.tr","telephone":"0 (538) 978 42 26","legalName":"KETOS S\u0130L\u0130KON K\u0130MYA T\u0130CARET L\u0130M\u0130TED \u015e\u0130RKET\u0130","foundingDate":"2026-01-01","taxID":"5482504263","numberOfEmployees":{"@type":"QuantitativeValue","minValue":"1","maxValue":"10"}}]},"product_price_currency":"TRY","og_availability":"instock","product_availability":"instock","product_retailer_item_id":"KD900-40-T-1ar","product_condition":"new"},"_links":{"self":[{"href":"https:\/\/kedosilicone.com.tr\/ar\/wp-json\/wp\/v2\/product\/31723","targetHints":{"allow":["GET"]}}],"collection":[{"href":"https:\/\/kedosilicone.com.tr\/ar\/wp-json\/wp\/v2\/product"}],"about":[{"href":"https:\/\/kedosilicone.com.tr\/ar\/wp-json\/wp\/v2\/types\/product"}],"replies":[{"embeddable":true,"href":"https:\/\/kedosilicone.com.tr\/ar\/wp-json\/wp\/v2\/comments?post=31723"}],"version-history":[{"count":2,"href":"https:\/\/kedosilicone.com.tr\/ar\/wp-json\/wp\/v2\/product\/31723\/revisions"}],"predecessor-version":[{"id":32023,"href":"https:\/\/kedosilicone.com.tr\/ar\/wp-json\/wp\/v2\/product\/31723\/revisions\/32023"}],"wp:featuredmedia":[{"embeddable":true,"href":"https:\/\/kedosilicone.com.tr\/ar\/wp-json\/wp\/v2\/media\/30246"}],"wp:attachment":[{"href":"https:\/\/kedosilicone.com.tr\/ar\/wp-json\/wp\/v2\/media?parent=31723"}],"wp:term":[{"taxonomy":"product_brand","embeddable":true,"href":"https:\/\/kedosilicone.com.tr\/ar\/wp-json\/wp\/v2\/product_brand?post=31723"},{"taxonomy":"product_cat","embeddable":true,"href":"https:\/\/kedosilicone.com.tr\/ar\/wp-json\/wp\/v2\/product_cat?post=31723"},{"taxonomy":"product_tag","embeddable":true,"href":"https:\/\/kedosilicone.com.tr\/ar\/wp-json\/wp\/v2\/product_tag?post=31723"}],"curies":[{"name":"wp","href":"https:\/\/api.w.org\/{rel}","templated":true}]}}