{"id":31729,"date":"2026-02-23T19:25:31","date_gmt":"2026-02-23T19:25:31","guid":{"rendered":"https:\/\/kedosilicone.com.tr\/urun\/ozel-kumaslar-icin-kolay-isil-kuruyan-silikon-baski-murekkebi-kd-sy1007a\/"},"modified":"2026-02-25T14:25:06","modified_gmt":"2026-02-25T14:25:06","slug":"%d8%ad%d8%a8%d8%b1-%d8%b7%d8%a8%d8%a7%d8%b9%d8%a9-%d8%b3%d9%8a%d9%84%d9%8a%d9%83%d9%88%d9%86-%d8%b3%d9%87%d9%84-%d8%a7%d9%84%d9%85%d8%b9%d8%a7%d9%84%d8%ac%d8%a9-%d8%ad%d8%b1%d8%a7%d8%b1%d9%8a%d9%8b","status":"publish","type":"product","link":"https:\/\/kedosilicone.com.tr\/ar\/urun\/%d8%ad%d8%a8%d8%b1-%d8%b7%d8%a8%d8%a7%d8%b9%d8%a9-%d8%b3%d9%8a%d9%84%d9%8a%d9%83%d9%88%d9%86-%d8%b3%d9%87%d9%84-%d8%a7%d9%84%d9%85%d8%b9%d8%a7%d9%84%d8%ac%d8%a9-%d8%ad%d8%b1%d8%a7%d8%b1%d9%8a%d9%8b\/","title":{"rendered":"\u062d\u0628\u0631 \u0637\u0628\u0627\u0639\u0629 \u0633\u064a\u0644\u064a\u0643\u0648\u0646 \u0633\u0647\u0644 \u0627\u0644\u0645\u0639\u0627\u0644\u062c\u0629 \u062d\u0631\u0627\u0631\u064a\u064b\u0627 \u0644\u0644\u0623\u0642\u0645\u0634\u0629 \u0627\u0644\u062e\u0627\u0635\u0629 (KD-SY1007A)"},"content":{"rendered":"<div id=\"kedo-product\">\n<h2 class=\"kedo-title\">\u00d6zel Kuma\u015flar \u0130\u00e7in Kolay Is\u0131l Kuruyan Silikon Bask\u0131 M\u00fcrekkebi (KD-SY1007A)<\/h2>\n<h3 class=\"kedo-subtitle\">\u00dcr\u00fcn A\u00e7\u0131klamas\u0131<\/h3>\n<p class=\"kedo-desc\">Uygulama ve proses ko\u015fullar\u0131na g\u00f6re kar\u0131\u015f\u0131m oran\u0131 ve teknik detaylar sipari\u015f \u00f6ncesinde payla\u015f\u0131l\u0131r.<\/p>\n<h3 class=\"kedo-subtitle\">Teknik Bilgiler<\/h3>\n<div id=\"kedo-spec-table\" class=\"kedo-spec-wrap\">\n<table class=\"kedo-spec-table\" aria-label=\"Teknik Bilgiler\">\n<thead>\n<tr>\n<th>Sertifikalar<\/th>\n<th>Spesifikasyon<\/th>\n<th>Marka<\/th>\n<th>Men\u015fei<\/th>\n<th>Model No<\/th>\n<\/tr>\n<\/thead>\n<tbody>\n<tr>\n<td>ISO, FDA, REACH, RoHS<\/td>\n<td>20kg\/barrel<\/td>\n<td>KEDO<\/td>\n<td>\u00c7in<\/td>\n<td>KD-SY1007A<\/td>\n<\/tr>\n<\/tbody>\n<\/table><\/div>\n<h3 class=\"kedo-subtitle\">S\u0131k Sorulan Sorular<\/h3>\n<div id=\"kedo-faq\" class=\"kedo-faq\">\n<div class=\"kedo-faq-item\">\n      <strong>Numune alabilir miyim?<\/strong><\/p>\n<p>Evet, talep \u00fczerine numune g\u00f6nderimi yap\u0131labilir (stok\/lojistik ko\u015fullar\u0131na ba\u011fl\u0131d\u0131r).<\/p>\n<\/p><\/div>\n<div class=\"kedo-faq-item\">\n      <strong>Kar\u0131\u015f\u0131m oran\u0131 nedir?<\/strong><\/p>\n<p>\u00dcr\u00fcn tipine g\u00f6re de\u011fi\u015fir; sipari\u015f \u00f6ncesi teknik bilgi payla\u015f\u0131l\u0131r.<\/p>\n<\/p><\/div>\n<div class=\"kedo-faq-item\">\n      <strong>MOQ nedir?<\/strong><\/p>\n<p>MOQ \u00fcr\u00fcn grubuna g\u00f6re de\u011fi\u015febilir; teklif a\u015famas\u0131nda netle\u015ftirilir.<\/p>\n<\/p><\/div>\n<div class=\"kedo-faq-item\">\n      <strong>Ambalaj se\u00e7enekleri nelerdir?<\/strong><\/p>\n<p>Genellikle 20 kg varil; \u00fcr\u00fcn grubuna g\u00f6re farkl\u0131 ambalaj se\u00e7enekleri sunulabilir.<\/p>\n<\/p><\/div>\n<div class=\"kedo-faq-item\">\n      <strong>Hangi sertifikalar mevcut?<\/strong><\/p>\n<p>ISO, FDA, REACH, RoHS gibi sertifikasyon bilgileri \u00fcr\u00fcne g\u00f6re sa\u011flan\u0131r.<\/p>\n<\/p><\/div>\n<\/p><\/div>\n<\/div>\n","protected":false},"excerpt":{"rendered":"<p>\u0627\u0644\u0645\u0646\u062a\u062c \u0645\u0646\u0627\u0633\u0628 \u0644\u0639\u0645\u0644\u064a\u0627\u062a \u0627\u0644\u0625\u0646\u062a\u0627\u062c \u0627\u0644\u062a\u064a \u062a\u0633\u062a\u0647\u062f\u0641 \u0623\u062f\u0627\u0621\u064b \u062b\u0627\u0628\u062a\u064b\u0627 \u0648\u0641\u0642\u064b\u0627 \u0644\u0646\u0648\u0639 \u0627\u0644\u062a\u0637\u0628\u064a\u0642.<\/p>\n","protected":false},"featured_media":30108,"comment_status":"open","ping_status":"closed","template":"","meta":[],"product_brand":[],"product_cat":[84],"product_tag":[],"class_list":{"0":"post-31729","1":"product","2":"type-product","3":"status-publish","4":"has-post-thumbnail","6":"product_cat-screen-printing-silicones-ar","8":"first","9":"instock","10":"featured","11":"shipping-taxable","12":"product-type-simple"},"yoast_head":"<!-- This site is optimized with the Yoast SEO Premium plugin v26.8 (Yoast SEO v26.9) - https:\/\/yoast.com\/product\/yoast-seo-premium-wordpress\/ -->\n<title>\u062d\u0628\u0631 \u0637\u0628\u0627\u0639\u0629 \u0633\u064a\u0644\u064a\u0643\u0648\u0646 \u0633\u0647\u0644 \u0627\u0644\u0645\u0639\u0627\u0644\u062c\u0629 \u062d\u0631\u0627\u0631\u064a\u064b\u0627 \u0644\u0644\u0623\u0642\u0645\u0634\u0629 \u0627\u0644\u062e\u0627\u0635\u0629 (KD-SY1007A) | Kedo Silicone<\/title>\n<meta name=\"description\" content=\"\u0627\u0644\u0645\u0646\u062a\u062c \u0645\u0646\u0627\u0633\u0628 \u0644\u0639\u0645\u0644\u064a\u0627\u062a \u0627\u0644\u0625\u0646\u062a\u0627\u062c \u0627\u0644\u062a\u064a \u062a\u0633\u062a\u0647\u062f\u0641 \u0623\u062f\u0627\u0621\u064b \u062b\u0627\u0628\u062a\u064b\u0627 \u0648\u0641\u0642\u064b\u0627 \u0644\u0646\u0648\u0639 \u0627\u0644\u062a\u0637\u0628\u064a\u0642. | Kedo Silicone\" \/>\n<meta name=\"robots\" content=\"index, follow, max-snippet:-1, max-image-preview:large, max-video-preview:-1\" \/>\n<link rel=\"canonical\" href=\"https:\/\/kedosilicone.com.tr\/ar\/urun\/\u062d\u0628\u0631-\u0637\u0628\u0627\u0639\u0629-\u0633\u064a\u0644\u064a\u0643\u0648\u0646-\u0633\u0647\u0644-\u0627\u0644\u0645\u0639\u0627\u0644\u062c\u0629-\u062d\u0631\u0627\u0631\u064a\u064b\/\" \/>\n<meta property=\"og:locale\" content=\"ar_AR\" \/>\n<meta property=\"og:type\" content=\"article\" \/>\n<meta property=\"og:title\" content=\"\u062d\u0628\u0631 \u0637\u0628\u0627\u0639\u0629 \u0633\u064a\u0644\u064a\u0643\u0648\u0646 \u0633\u0647\u0644 \u0627\u0644\u0645\u0639\u0627\u0644\u062c\u0629 \u062d\u0631\u0627\u0631\u064a\u064b\u0627 \u0644\u0644\u0623\u0642\u0645\u0634\u0629 \u0627\u0644\u062e\u0627\u0635\u0629 (KD-SY1007A) | Kedo Silicone\" \/>\n<meta property=\"og:description\" content=\"\u0627\u0644\u0645\u0646\u062a\u062c \u0645\u0646\u0627\u0633\u0628 \u0644\u0639\u0645\u0644\u064a\u0627\u062a \u0627\u0644\u0625\u0646\u062a\u0627\u062c \u0627\u0644\u062a\u064a \u062a\u0633\u062a\u0647\u062f\u0641 \u0623\u062f\u0627\u0621\u064b \u062b\u0627\u0628\u062a\u064b\u0627 \u0648\u0641\u0642\u064b\u0627 \u0644\u0646\u0648\u0639 \u0627\u0644\u062a\u0637\u0628\u064a\u0642.\" \/>\n<meta property=\"og:url\" content=\"https:\/\/kedosilicone.com.tr\/ar\/urun\/\u062d\u0628\u0631-\u0637\u0628\u0627\u0639\u0629-\u0633\u064a\u0644\u064a\u0643\u0648\u0646-\u0633\u0647\u0644-\u0627\u0644\u0645\u0639\u0627\u0644\u062c\u0629-\u062d\u0631\u0627\u0631\u064a\u064b\/\" \/>\n<meta property=\"og:site_name\" content=\"Kedo Silicone\" \/>\n<meta property=\"article:publisher\" content=\"https:\/\/www.facebook.com\/ketossilicone\/\" \/>\n<meta property=\"article:modified_time\" content=\"2026-02-25T14:25:06+00:00\" \/>\n<meta property=\"og:image\" content=\"https:\/\/kedosilicone.com.tr\/wp-content\/uploads\/2026\/01\/Easy-Heat-Drying-Silicone-Printing-Ink-for-Printing-Special-Fabrics-Resistant-to-Silicone-Curing.webp\" \/>\n\t<meta property=\"og:image:width\" content=\"1500\" \/>\n\t<meta property=\"og:image:height\" content=\"1500\" \/>\n\t<meta property=\"og:image:type\" content=\"image\/webp\" \/>\n<meta name=\"twitter:card\" content=\"summary_large_image\" \/>\n<meta name=\"twitter:label1\" content=\"\u0627\u0644\u0633\u0639\u0631\" \/>\n\t<meta name=\"twitter:data1\" content=\"\" \/>\n\t<meta name=\"twitter:label2\" content=\"\u0627\u0644\u062a\u0648\u0641\u0631\" \/>\n\t<meta name=\"twitter:data2\" content=\"\u0645\u062a\u0648\u0641\u0631 \u0641\u064a \u0627\u0644\u0645\u062e\u0632\u0648\u0646\" \/>\n<script type=\"application\/ld+json\" class=\"yoast-schema-graph\">{\"@context\":\"https:\/\/schema.org\",\"@graph\":[{\"@type\":\"WebPage\",\"@id\":\"https:\/\/kedosilicone.com.tr\/ar\/urun\/%d8%ad%d8%a8%d8%b1-%d8%b7%d8%a8%d8%a7%d8%b9%d8%a9-%d8%b3%d9%8a%d9%84%d9%8a%d9%83%d9%88%d9%86-%d8%b3%d9%87%d9%84-%d8%a7%d9%84%d9%85%d8%b9%d8%a7%d9%84%d8%ac%d8%a9-%d8%ad%d8%b1%d8%a7%d8%b1%d9%8a%d9%8b\/\",\"url\":\"https:\/\/kedosilicone.com.tr\/ar\/urun\/%d8%ad%d8%a8%d8%b1-%d8%b7%d8%a8%d8%a7%d8%b9%d8%a9-%d8%b3%d9%8a%d9%84%d9%8a%d9%83%d9%88%d9%86-%d8%b3%d9%87%d9%84-%d8%a7%d9%84%d9%85%d8%b9%d8%a7%d9%84%d8%ac%d8%a9-%d8%ad%d8%b1%d8%a7%d8%b1%d9%8a%d9%8b\/\",\"name\":\"\u062d\u0628\u0631 \u0637\u0628\u0627\u0639\u0629 \u0633\u064a\u0644\u064a\u0643\u0648\u0646 \u0633\u0647\u0644 \u0627\u0644\u0645\u0639\u0627\u0644\u062c\u0629 \u062d\u0631\u0627\u0631\u064a\u064b\u0627 \u0644\u0644\u0623\u0642\u0645\u0634\u0629 \u0627\u0644\u062e\u0627\u0635\u0629 (KD-SY1007A) | Kedo Silicone\",\"isPartOf\":{\"@id\":\"https:\/\/kedosilicone.com.tr\/#website\"},\"primaryImageOfPage\":{\"@id\":\"https:\/\/kedosilicone.com.tr\/ar\/urun\/%d8%ad%d8%a8%d8%b1-%d8%b7%d8%a8%d8%a7%d8%b9%d8%a9-%d8%b3%d9%8a%d9%84%d9%8a%d9%83%d9%88%d9%86-%d8%b3%d9%87%d9%84-%d8%a7%d9%84%d9%85%d8%b9%d8%a7%d9%84%d8%ac%d8%a9-%d8%ad%d8%b1%d8%a7%d8%b1%d9%8a%d9%8b\/#primaryimage\"},\"image\":{\"@id\":\"https:\/\/kedosilicone.com.tr\/ar\/urun\/%d8%ad%d8%a8%d8%b1-%d8%b7%d8%a8%d8%a7%d8%b9%d8%a9-%d8%b3%d9%8a%d9%84%d9%8a%d9%83%d9%88%d9%86-%d8%b3%d9%87%d9%84-%d8%a7%d9%84%d9%85%d8%b9%d8%a7%d9%84%d8%ac%d8%a9-%d8%ad%d8%b1%d8%a7%d8%b1%d9%8a%d9%8b\/#primaryimage\"},\"thumbnailUrl\":\"https:\/\/kedosilicone.com.tr\/wp-content\/uploads\/2026\/01\/Easy-Heat-Drying-Silicone-Printing-Ink-for-Printing-Special-Fabrics-Resistant-to-Silicone-Curing.webp\",\"datePublished\":\"2026-02-23T19:25:31+00:00\",\"dateModified\":\"2026-02-25T14:25:06+00:00\",\"description\":\"\u0627\u0644\u0645\u0646\u062a\u062c \u0645\u0646\u0627\u0633\u0628 \u0644\u0639\u0645\u0644\u064a\u0627\u062a \u0627\u0644\u0625\u0646\u062a\u0627\u062c \u0627\u0644\u062a\u064a \u062a\u0633\u062a\u0647\u062f\u0641 \u0623\u062f\u0627\u0621\u064b \u062b\u0627\u0628\u062a\u064b\u0627 \u0648\u0641\u0642\u064b\u0627 \u0644\u0646\u0648\u0639 \u0627\u0644\u062a\u0637\u0628\u064a\u0642. | Kedo Silicone\",\"breadcrumb\":{\"@id\":\"https:\/\/kedosilicone.com.tr\/ar\/urun\/%d8%ad%d8%a8%d8%b1-%d8%b7%d8%a8%d8%a7%d8%b9%d8%a9-%d8%b3%d9%8a%d9%84%d9%8a%d9%83%d9%88%d9%86-%d8%b3%d9%87%d9%84-%d8%a7%d9%84%d9%85%d8%b9%d8%a7%d9%84%d8%ac%d8%a9-%d8%ad%d8%b1%d8%a7%d8%b1%d9%8a%d9%8b\/#breadcrumb\"},\"inLanguage\":\"ar\",\"potentialAction\":[{\"@type\":\"ReadAction\",\"target\":[\"https:\/\/kedosilicone.com.tr\/ar\/urun\/%d8%ad%d8%a8%d8%b1-%d8%b7%d8%a8%d8%a7%d8%b9%d8%a9-%d8%b3%d9%8a%d9%84%d9%8a%d9%83%d9%88%d9%86-%d8%b3%d9%87%d9%84-%d8%a7%d9%84%d9%85%d8%b9%d8%a7%d9%84%d8%ac%d8%a9-%d8%ad%d8%b1%d8%a7%d8%b1%d9%8a%d9%8b\/\"]}]},{\"@type\":\"ImageObject\",\"inLanguage\":\"ar\",\"@id\":\"https:\/\/kedosilicone.com.tr\/ar\/urun\/%d8%ad%d8%a8%d8%b1-%d8%b7%d8%a8%d8%a7%d8%b9%d8%a9-%d8%b3%d9%8a%d9%84%d9%8a%d9%83%d9%88%d9%86-%d8%b3%d9%87%d9%84-%d8%a7%d9%84%d9%85%d8%b9%d8%a7%d9%84%d8%ac%d8%a9-%d8%ad%d8%b1%d8%a7%d8%b1%d9%8a%d9%8b\/#primaryimage\",\"url\":\"https:\/\/kedosilicone.com.tr\/wp-content\/uploads\/2026\/01\/Easy-Heat-Drying-Silicone-Printing-Ink-for-Printing-Special-Fabrics-Resistant-to-Silicone-Curing.webp\",\"contentUrl\":\"https:\/\/kedosilicone.com.tr\/wp-content\/uploads\/2026\/01\/Easy-Heat-Drying-Silicone-Printing-Ink-for-Printing-Special-Fabrics-Resistant-to-Silicone-Curing.webp\",\"width\":1500,\"height\":1500},{\"@type\":\"BreadcrumbList\",\"@id\":\"https:\/\/kedosilicone.com.tr\/ar\/urun\/%d8%ad%d8%a8%d8%b1-%d8%b7%d8%a8%d8%a7%d8%b9%d8%a9-%d8%b3%d9%8a%d9%84%d9%8a%d9%83%d9%88%d9%86-%d8%b3%d9%87%d9%84-%d8%a7%d9%84%d9%85%d8%b9%d8%a7%d9%84%d8%ac%d8%a9-%d8%ad%d8%b1%d8%a7%d8%b1%d9%8a%d9%8b\/#breadcrumb\",\"itemListElement\":[{\"@type\":\"ListItem\",\"position\":1,\"name\":\"Ana Sayfa\",\"item\":\"https:\/\/kedosilicone.com.tr\/\"},{\"@type\":\"ListItem\",\"position\":2,\"name\":\"\u00dcr\u00fcnler\",\"item\":\"https:\/\/kedosilicone.com.tr\/urunler\/\"},{\"@type\":\"ListItem\",\"position\":3,\"name\":\"\u062d\u0628\u0631 \u0637\u0628\u0627\u0639\u0629 \u0633\u064a\u0644\u064a\u0643\u0648\u0646 \u0633\u0647\u0644 \u0627\u0644\u0645\u0639\u0627\u0644\u062c\u0629 \u062d\u0631\u0627\u0631\u064a\u064b\u0627 \u0644\u0644\u0623\u0642\u0645\u0634\u0629 \u0627\u0644\u062e\u0627\u0635\u0629 (KD-SY1007A)\"}]},{\"@type\":\"WebSite\",\"@id\":\"https:\/\/kedosilicone.com.tr\/#website\",\"url\":\"https:\/\/kedosilicone.com.tr\/\",\"name\":\"Kedo Silicone T\u00fcrkiye\",\"description\":\"Silikon Teknolojilerinde Ar-Ge ve \u00dcretim Lideri\",\"publisher\":{\"@id\":\"https:\/\/kedosilicone.com.tr\/#organization\"},\"alternateName\":\"Kedo Silicon\",\"potentialAction\":[{\"@type\":\"SearchAction\",\"target\":{\"@type\":\"EntryPoint\",\"urlTemplate\":\"https:\/\/kedosilicone.com.tr\/?s={search_term_string}\"},\"query-input\":{\"@type\":\"PropertyValueSpecification\",\"valueRequired\":true,\"valueName\":\"search_term_string\"}}],\"inLanguage\":\"ar\"},{\"@type\":\"Organization\",\"@id\":\"https:\/\/kedosilicone.com.tr\/#organization\",\"name\":\"Kedo Silicone\",\"alternateName\":\"Kedo Silicon\",\"url\":\"https:\/\/kedosilicone.com.tr\/\",\"logo\":{\"@type\":\"ImageObject\",\"inLanguage\":\"ar\",\"@id\":\"https:\/\/kedosilicone.com.tr\/#\/schema\/logo\/image\/\",\"url\":\"https:\/\/kedosilicone.com.tr\/wp-content\/uploads\/2026\/01\/KEDO-SILICONE-TURKIYE-1-1.png\",\"contentUrl\":\"https:\/\/kedosilicone.com.tr\/wp-content\/uploads\/2026\/01\/KEDO-SILICONE-TURKIYE-1-1.png\",\"width\":500,\"height\":500,\"caption\":\"Kedo Silicone\"},\"image\":{\"@id\":\"https:\/\/kedosilicone.com.tr\/#\/schema\/logo\/image\/\"},\"sameAs\":[\"https:\/\/www.facebook.com\/ketossilicone\/\",\"https:\/\/www.instagram.com\/ketossilicone\/\",\"https:\/\/api.whatsapp.com\/message\/NXSQFMNV6GHNL1\"],\"description\":\"KEDO Silicone, end\u00fcstriyel silikon \u00e7\u00f6z\u00fcmleri alan\u0131nda Ar-Ge, form\u00fclasyon ve \u00fcretim yapan bir kurulu\u015ftur. Tekstil bask\u0131 silikonlar\u0131 ba\u015fta olmak \u00fczere uygulama odakl\u0131 \u00fcr\u00fcn geli\u015ftirme ve teknik destek sunar.\",\"email\":\"info@kedosilicone.com.tr\",\"telephone\":\"0 (538) 978 42 26\",\"legalName\":\"KETOS S\u0130L\u0130KON K\u0130MYA T\u0130CARET L\u0130M\u0130TED \u015e\u0130RKET\u0130\",\"foundingDate\":\"2026-01-01\",\"taxID\":\"5482504263\",\"numberOfEmployees\":{\"@type\":\"QuantitativeValue\",\"minValue\":\"1\",\"maxValue\":\"10\"}}]}<\/script>\n<meta property=\"product:price:currency\" content=\"TRY\" \/>\n<meta property=\"og:availability\" content=\"instock\" \/>\n<meta property=\"product:availability\" content=\"instock\" \/>\n<meta property=\"product:retailer_item_id\" content=\"KD-SY1007Aar\" \/>\n<meta property=\"product:condition\" content=\"new\" \/>\n<!-- \/ Yoast SEO Premium plugin. -->","yoast_head_json":{"title":"\u062d\u0628\u0631 \u0637\u0628\u0627\u0639\u0629 \u0633\u064a\u0644\u064a\u0643\u0648\u0646 \u0633\u0647\u0644 \u0627\u0644\u0645\u0639\u0627\u0644\u062c\u0629 \u062d\u0631\u0627\u0631\u064a\u064b\u0627 \u0644\u0644\u0623\u0642\u0645\u0634\u0629 \u0627\u0644\u062e\u0627\u0635\u0629 (KD-SY1007A) | Kedo Silicone","description":"\u0627\u0644\u0645\u0646\u062a\u062c \u0645\u0646\u0627\u0633\u0628 \u0644\u0639\u0645\u0644\u064a\u0627\u062a \u0627\u0644\u0625\u0646\u062a\u0627\u062c \u0627\u0644\u062a\u064a \u062a\u0633\u062a\u0647\u062f\u0641 \u0623\u062f\u0627\u0621\u064b \u062b\u0627\u0628\u062a\u064b\u0627 \u0648\u0641\u0642\u064b\u0627 \u0644\u0646\u0648\u0639 \u0627\u0644\u062a\u0637\u0628\u064a\u0642. | Kedo Silicone","robots":{"index":"index","follow":"follow","max-snippet":"max-snippet:-1","max-image-preview":"max-image-preview:large","max-video-preview":"max-video-preview:-1"},"canonical":"https:\/\/kedosilicone.com.tr\/ar\/urun\/\u062d\u0628\u0631-\u0637\u0628\u0627\u0639\u0629-\u0633\u064a\u0644\u064a\u0643\u0648\u0646-\u0633\u0647\u0644-\u0627\u0644\u0645\u0639\u0627\u0644\u062c\u0629-\u062d\u0631\u0627\u0631\u064a\u064b\/","og_locale":"ar_AR","og_type":"article","og_title":"\u062d\u0628\u0631 \u0637\u0628\u0627\u0639\u0629 \u0633\u064a\u0644\u064a\u0643\u0648\u0646 \u0633\u0647\u0644 \u0627\u0644\u0645\u0639\u0627\u0644\u062c\u0629 \u062d\u0631\u0627\u0631\u064a\u064b\u0627 \u0644\u0644\u0623\u0642\u0645\u0634\u0629 \u0627\u0644\u062e\u0627\u0635\u0629 (KD-SY1007A) | Kedo Silicone","og_description":"\u0627\u0644\u0645\u0646\u062a\u062c \u0645\u0646\u0627\u0633\u0628 \u0644\u0639\u0645\u0644\u064a\u0627\u062a \u0627\u0644\u0625\u0646\u062a\u0627\u062c \u0627\u0644\u062a\u064a \u062a\u0633\u062a\u0647\u062f\u0641 \u0623\u062f\u0627\u0621\u064b \u062b\u0627\u0628\u062a\u064b\u0627 \u0648\u0641\u0642\u064b\u0627 \u0644\u0646\u0648\u0639 \u0627\u0644\u062a\u0637\u0628\u064a\u0642.","og_url":"https:\/\/kedosilicone.com.tr\/ar\/urun\/\u062d\u0628\u0631-\u0637\u0628\u0627\u0639\u0629-\u0633\u064a\u0644\u064a\u0643\u0648\u0646-\u0633\u0647\u0644-\u0627\u0644\u0645\u0639\u0627\u0644\u062c\u0629-\u062d\u0631\u0627\u0631\u064a\u064b\/","og_site_name":"Kedo Silicone","article_publisher":"https:\/\/www.facebook.com\/ketossilicone\/","article_modified_time":"2026-02-25T14:25:06+00:00","og_image":[{"width":1500,"height":1500,"url":"https:\/\/kedosilicone.com.tr\/wp-content\/uploads\/2026\/01\/Easy-Heat-Drying-Silicone-Printing-Ink-for-Printing-Special-Fabrics-Resistant-to-Silicone-Curing.webp","type":"image\/webp"}],"twitter_card":"summary_large_image","twitter_misc":{"\u0627\u0644\u0633\u0639\u0631":"","\u0627\u0644\u062a\u0648\u0641\u0631":"\u0645\u062a\u0648\u0641\u0631 \u0641\u064a \u0627\u0644\u0645\u062e\u0632\u0648\u0646"},"schema":{"@context":"https:\/\/schema.org","@graph":[{"@type":"WebPage","@id":"https:\/\/kedosilicone.com.tr\/ar\/urun\/%d8%ad%d8%a8%d8%b1-%d8%b7%d8%a8%d8%a7%d8%b9%d8%a9-%d8%b3%d9%8a%d9%84%d9%8a%d9%83%d9%88%d9%86-%d8%b3%d9%87%d9%84-%d8%a7%d9%84%d9%85%d8%b9%d8%a7%d9%84%d8%ac%d8%a9-%d8%ad%d8%b1%d8%a7%d8%b1%d9%8a%d9%8b\/","url":"https:\/\/kedosilicone.com.tr\/ar\/urun\/%d8%ad%d8%a8%d8%b1-%d8%b7%d8%a8%d8%a7%d8%b9%d8%a9-%d8%b3%d9%8a%d9%84%d9%8a%d9%83%d9%88%d9%86-%d8%b3%d9%87%d9%84-%d8%a7%d9%84%d9%85%d8%b9%d8%a7%d9%84%d8%ac%d8%a9-%d8%ad%d8%b1%d8%a7%d8%b1%d9%8a%d9%8b\/","name":"\u062d\u0628\u0631 \u0637\u0628\u0627\u0639\u0629 \u0633\u064a\u0644\u064a\u0643\u0648\u0646 \u0633\u0647\u0644 \u0627\u0644\u0645\u0639\u0627\u0644\u062c\u0629 \u062d\u0631\u0627\u0631\u064a\u064b\u0627 \u0644\u0644\u0623\u0642\u0645\u0634\u0629 \u0627\u0644\u062e\u0627\u0635\u0629 (KD-SY1007A) | Kedo Silicone","isPartOf":{"@id":"https:\/\/kedosilicone.com.tr\/#website"},"primaryImageOfPage":{"@id":"https:\/\/kedosilicone.com.tr\/ar\/urun\/%d8%ad%d8%a8%d8%b1-%d8%b7%d8%a8%d8%a7%d8%b9%d8%a9-%d8%b3%d9%8a%d9%84%d9%8a%d9%83%d9%88%d9%86-%d8%b3%d9%87%d9%84-%d8%a7%d9%84%d9%85%d8%b9%d8%a7%d9%84%d8%ac%d8%a9-%d8%ad%d8%b1%d8%a7%d8%b1%d9%8a%d9%8b\/#primaryimage"},"image":{"@id":"https:\/\/kedosilicone.com.tr\/ar\/urun\/%d8%ad%d8%a8%d8%b1-%d8%b7%d8%a8%d8%a7%d8%b9%d8%a9-%d8%b3%d9%8a%d9%84%d9%8a%d9%83%d9%88%d9%86-%d8%b3%d9%87%d9%84-%d8%a7%d9%84%d9%85%d8%b9%d8%a7%d9%84%d8%ac%d8%a9-%d8%ad%d8%b1%d8%a7%d8%b1%d9%8a%d9%8b\/#primaryimage"},"thumbnailUrl":"https:\/\/kedosilicone.com.tr\/wp-content\/uploads\/2026\/01\/Easy-Heat-Drying-Silicone-Printing-Ink-for-Printing-Special-Fabrics-Resistant-to-Silicone-Curing.webp","datePublished":"2026-02-23T19:25:31+00:00","dateModified":"2026-02-25T14:25:06+00:00","description":"\u0627\u0644\u0645\u0646\u062a\u062c \u0645\u0646\u0627\u0633\u0628 \u0644\u0639\u0645\u0644\u064a\u0627\u062a \u0627\u0644\u0625\u0646\u062a\u0627\u062c \u0627\u0644\u062a\u064a \u062a\u0633\u062a\u0647\u062f\u0641 \u0623\u062f\u0627\u0621\u064b \u062b\u0627\u0628\u062a\u064b\u0627 \u0648\u0641\u0642\u064b\u0627 \u0644\u0646\u0648\u0639 \u0627\u0644\u062a\u0637\u0628\u064a\u0642. | Kedo Silicone","breadcrumb":{"@id":"https:\/\/kedosilicone.com.tr\/ar\/urun\/%d8%ad%d8%a8%d8%b1-%d8%b7%d8%a8%d8%a7%d8%b9%d8%a9-%d8%b3%d9%8a%d9%84%d9%8a%d9%83%d9%88%d9%86-%d8%b3%d9%87%d9%84-%d8%a7%d9%84%d9%85%d8%b9%d8%a7%d9%84%d8%ac%d8%a9-%d8%ad%d8%b1%d8%a7%d8%b1%d9%8a%d9%8b\/#breadcrumb"},"inLanguage":"ar","potentialAction":[{"@type":"ReadAction","target":["https:\/\/kedosilicone.com.tr\/ar\/urun\/%d8%ad%d8%a8%d8%b1-%d8%b7%d8%a8%d8%a7%d8%b9%d8%a9-%d8%b3%d9%8a%d9%84%d9%8a%d9%83%d9%88%d9%86-%d8%b3%d9%87%d9%84-%d8%a7%d9%84%d9%85%d8%b9%d8%a7%d9%84%d8%ac%d8%a9-%d8%ad%d8%b1%d8%a7%d8%b1%d9%8a%d9%8b\/"]}]},{"@type":"ImageObject","inLanguage":"ar","@id":"https:\/\/kedosilicone.com.tr\/ar\/urun\/%d8%ad%d8%a8%d8%b1-%d8%b7%d8%a8%d8%a7%d8%b9%d8%a9-%d8%b3%d9%8a%d9%84%d9%8a%d9%83%d9%88%d9%86-%d8%b3%d9%87%d9%84-%d8%a7%d9%84%d9%85%d8%b9%d8%a7%d9%84%d8%ac%d8%a9-%d8%ad%d8%b1%d8%a7%d8%b1%d9%8a%d9%8b\/#primaryimage","url":"https:\/\/kedosilicone.com.tr\/wp-content\/uploads\/2026\/01\/Easy-Heat-Drying-Silicone-Printing-Ink-for-Printing-Special-Fabrics-Resistant-to-Silicone-Curing.webp","contentUrl":"https:\/\/kedosilicone.com.tr\/wp-content\/uploads\/2026\/01\/Easy-Heat-Drying-Silicone-Printing-Ink-for-Printing-Special-Fabrics-Resistant-to-Silicone-Curing.webp","width":1500,"height":1500},{"@type":"BreadcrumbList","@id":"https:\/\/kedosilicone.com.tr\/ar\/urun\/%d8%ad%d8%a8%d8%b1-%d8%b7%d8%a8%d8%a7%d8%b9%d8%a9-%d8%b3%d9%8a%d9%84%d9%8a%d9%83%d9%88%d9%86-%d8%b3%d9%87%d9%84-%d8%a7%d9%84%d9%85%d8%b9%d8%a7%d9%84%d8%ac%d8%a9-%d8%ad%d8%b1%d8%a7%d8%b1%d9%8a%d9%8b\/#breadcrumb","itemListElement":[{"@type":"ListItem","position":1,"name":"Ana Sayfa","item":"https:\/\/kedosilicone.com.tr\/"},{"@type":"ListItem","position":2,"name":"\u00dcr\u00fcnler","item":"https:\/\/kedosilicone.com.tr\/urunler\/"},{"@type":"ListItem","position":3,"name":"\u062d\u0628\u0631 \u0637\u0628\u0627\u0639\u0629 \u0633\u064a\u0644\u064a\u0643\u0648\u0646 \u0633\u0647\u0644 \u0627\u0644\u0645\u0639\u0627\u0644\u062c\u0629 \u062d\u0631\u0627\u0631\u064a\u064b\u0627 \u0644\u0644\u0623\u0642\u0645\u0634\u0629 \u0627\u0644\u062e\u0627\u0635\u0629 (KD-SY1007A)"}]},{"@type":"WebSite","@id":"https:\/\/kedosilicone.com.tr\/#website","url":"https:\/\/kedosilicone.com.tr\/","name":"Kedo Silicone T\u00fcrkiye","description":"Silikon Teknolojilerinde Ar-Ge ve \u00dcretim Lideri","publisher":{"@id":"https:\/\/kedosilicone.com.tr\/#organization"},"alternateName":"Kedo Silicon","potentialAction":[{"@type":"SearchAction","target":{"@type":"EntryPoint","urlTemplate":"https:\/\/kedosilicone.com.tr\/?s={search_term_string}"},"query-input":{"@type":"PropertyValueSpecification","valueRequired":true,"valueName":"search_term_string"}}],"inLanguage":"ar"},{"@type":"Organization","@id":"https:\/\/kedosilicone.com.tr\/#organization","name":"Kedo Silicone","alternateName":"Kedo Silicon","url":"https:\/\/kedosilicone.com.tr\/","logo":{"@type":"ImageObject","inLanguage":"ar","@id":"https:\/\/kedosilicone.com.tr\/#\/schema\/logo\/image\/","url":"https:\/\/kedosilicone.com.tr\/wp-content\/uploads\/2026\/01\/KEDO-SILICONE-TURKIYE-1-1.png","contentUrl":"https:\/\/kedosilicone.com.tr\/wp-content\/uploads\/2026\/01\/KEDO-SILICONE-TURKIYE-1-1.png","width":500,"height":500,"caption":"Kedo Silicone"},"image":{"@id":"https:\/\/kedosilicone.com.tr\/#\/schema\/logo\/image\/"},"sameAs":["https:\/\/www.facebook.com\/ketossilicone\/","https:\/\/www.instagram.com\/ketossilicone\/","https:\/\/api.whatsapp.com\/message\/NXSQFMNV6GHNL1"],"description":"KEDO Silicone, end\u00fcstriyel silikon \u00e7\u00f6z\u00fcmleri alan\u0131nda Ar-Ge, form\u00fclasyon ve \u00fcretim yapan bir kurulu\u015ftur. Tekstil bask\u0131 silikonlar\u0131 ba\u015fta olmak \u00fczere uygulama odakl\u0131 \u00fcr\u00fcn geli\u015ftirme ve teknik destek sunar.","email":"info@kedosilicone.com.tr","telephone":"0 (538) 978 42 26","legalName":"KETOS S\u0130L\u0130KON K\u0130MYA T\u0130CARET L\u0130M\u0130TED \u015e\u0130RKET\u0130","foundingDate":"2026-01-01","taxID":"5482504263","numberOfEmployees":{"@type":"QuantitativeValue","minValue":"1","maxValue":"10"}}]},"product_price_currency":"TRY","og_availability":"instock","product_availability":"instock","product_retailer_item_id":"KD-SY1007Aar","product_condition":"new"},"_links":{"self":[{"href":"https:\/\/kedosilicone.com.tr\/ar\/wp-json\/wp\/v2\/product\/31729","targetHints":{"allow":["GET"]}}],"collection":[{"href":"https:\/\/kedosilicone.com.tr\/ar\/wp-json\/wp\/v2\/product"}],"about":[{"href":"https:\/\/kedosilicone.com.tr\/ar\/wp-json\/wp\/v2\/types\/product"}],"replies":[{"embeddable":true,"href":"https:\/\/kedosilicone.com.tr\/ar\/wp-json\/wp\/v2\/comments?post=31729"}],"version-history":[{"count":3,"href":"https:\/\/kedosilicone.com.tr\/ar\/wp-json\/wp\/v2\/product\/31729\/revisions"}],"predecessor-version":[{"id":32040,"href":"https:\/\/kedosilicone.com.tr\/ar\/wp-json\/wp\/v2\/product\/31729\/revisions\/32040"}],"wp:featuredmedia":[{"embeddable":true,"href":"https:\/\/kedosilicone.com.tr\/ar\/wp-json\/wp\/v2\/media\/30108"}],"wp:attachment":[{"href":"https:\/\/kedosilicone.com.tr\/ar\/wp-json\/wp\/v2\/media?parent=31729"}],"wp:term":[{"taxonomy":"product_brand","embeddable":true,"href":"https:\/\/kedosilicone.com.tr\/ar\/wp-json\/wp\/v2\/product_brand?post=31729"},{"taxonomy":"product_cat","embeddable":true,"href":"https:\/\/kedosilicone.com.tr\/ar\/wp-json\/wp\/v2\/product_cat?post=31729"},{"taxonomy":"product_tag","embeddable":true,"href":"https:\/\/kedosilicone.com.tr\/ar\/wp-json\/wp\/v2\/product_tag?post=31729"}],"curies":[{"name":"wp","href":"https:\/\/api.w.org\/{rel}","templated":true}]}}