{"id":31105,"date":"2026-02-05T16:48:12","date_gmt":"2026-02-05T16:48:12","guid":{"rendered":"https:\/\/kedosilicone.com.tr\/iletisim\/"},"modified":"2026-02-12T21:34:21","modified_gmt":"2026-02-12T21:34:21","slug":"contact","status":"publish","type":"page","link":"https:\/\/kedosilicone.com.tr\/en\/contact\/","title":{"rendered":"Contact"},"content":{"rendered":"\t\t<div data-elementor-type=\"wp-page\" data-elementor-id=\"31105\" class=\"elementor elementor-31105 elementor-30716\" data-elementor-post-type=\"page\">\n\t\t\t\t<div class=\"elementor-element elementor-element-5cbfe82 e-con-full wd-section-stretch e-flex e-con e-parent\" data-id=\"5cbfe82\" data-element_type=\"container\" data-e-type=\"container\">\n\t\t\t\t<div class=\"elementor-element elementor-element-69875f2 elementor-widget elementor-widget-html\" data-id=\"69875f2\" data-element_type=\"widget\" data-e-type=\"widget\" data-widget_type=\"html.default\">\n\t\t\t\t\t<!-- =========================\r\nKEDO \u2013 CONTACT PAGE (FULL)\r\n1) Hero\r\n2) Quick Contact\r\n3) Form + Map\r\n========================= -->\r\n\r\n<section class=\"kc-contact-page\">\r\n\r\n  <!-- ===== 1) HERO ===== -->\r\n  <section class=\"kc-c1\">\r\n    <div class=\"kc-wrap\">\r\n      <h1 class=\"kc-c1__title\">Get in Touch with Us<\/h1>\r\n      <p class=\"kc-c1__desc\">\r\n        You can contact our team directly for technical support, product inquiries, and business collaborations.\r\n      <\/p>\r\n\r\n      <div class=\"kc-c1__cta\">\r\n        <a class=\"kc-btn kc-btn--primary\" href=\"https:\/\/wa.me\/905392786558\" target=\"_blank\" rel=\"noopener\">Message on WhatsApp<\/a>\r\n        <a class=\"kc-btn kc-btn--ghost\" href=\"tel:+905392786558\">Call Us<\/a>\r\n      <\/div>\r\n    <\/div>\r\n  <\/section>\r\n\r\n  <!-- ===== 2) QUICK CONTACT ===== -->\r\n  <section class=\"kc-c3\">\r\n    <div class=\"kc-wrap\">\r\n      <header class=\"kc-head\">\r\n        <h2 class=\"kc-head__title\">Quick Contact<\/h2>\r\n        <p class=\"kc-head__desc\">The fastest ways to reach us.<\/p>\r\n      <\/header>\r\n\r\n      <div class=\"kc-c3__grid\">\r\n        <a class=\"kc-c3__card\" href=\"tel:+905392786558\">\r\n          <span class=\"kc-c3__ico\">\r\n            <img decoding=\"async\" src=\"https:\/\/kedosilicone.com.tr\/wp-content\/uploads\/2026\/02\/telefon.png\" alt=\"Phone\">\r\n          <\/span>\r\n          <span class=\"kc-c3__t\">Phone<\/span>\r\n          <span class=\"kc-c3__s\">+90 539 278 65 58<\/span>\r\n        <\/a>\r\n\r\n        <a class=\"kc-c3__card\" href=\"https:\/\/wa.me\/905392786558\" target=\"_blank\" rel=\"noopener\">\r\n          <span class=\"kc-c3__ico\">\r\n            <img decoding=\"async\" src=\"https:\/\/kedosilicone.com.tr\/wp-content\/uploads\/2026\/02\/whatsapp.png\" alt=\"WhatsApp\">\r\n          <\/span>\r\n          <span class=\"kc-c3__t\">WhatsApp<\/span>\r\n          <span class=\"kc-c3__s\">Send a quick message<\/span>\r\n        <\/a>\r\n\r\n        <a class=\"kc-c3__card\" href=\"mailto:info@kedosilicone.com\" target=\"_blank\" rel=\"noopener\">\r\n          <span class=\"kc-c3__ico\">\r\n            <img decoding=\"async\" src=\"https:\/\/kedosilicone.com.tr\/wp-content\/uploads\/2026\/02\/mail.png\" alt=\"Email\">\r\n          <\/span>\r\n          <span class=\"kc-c3__t\">Email<\/span>\r\n          <span class=\"kc-c3__s\">info@kedosilicone.com<\/span>\r\n        <\/a>\r\n\r\n        <a class=\"kc-c3__card\" href=\"https:\/\/www.facebook.com\/ketossilicone\/\" target=\"_blank\" rel=\"noopener\">\r\n          <span class=\"kc-c3__ico\">\r\n            <img decoding=\"async\" src=\"https:\/\/kedosilicone.com.tr\/wp-content\/uploads\/2026\/02\/facebook.png\" alt=\"Facebook\">\r\n          <\/span>\r\n          <span class=\"kc-c3__t\">Facebook<\/span>\r\n          <span class=\"kc-c3__s\">@ketossilicone<\/span>\r\n        <\/a>\r\n\r\n        <a class=\"kc-c3__card\" href=\"https:\/\/www.instagram.com\/ketossilicone\/\" target=\"_blank\" rel=\"noopener\">\r\n          <span class=\"kc-c3__ico\">\r\n            <img decoding=\"async\" src=\"https:\/\/kedosilicone.com.tr\/wp-content\/uploads\/2026\/02\/instagram.png\" alt=\"Instagram\">\r\n          <\/span>\r\n          <span class=\"kc-c3__t\">Instagram<\/span>\r\n          <span class=\"kc-c3__s\">@ketossilicone<\/span>\r\n        <\/a>\r\n      <\/div>\r\n    <\/div>\r\n  <\/section>\r\n\r\n  <!-- ===== 3) FORM + MAP ===== -->\r\n  <section class=\"kc-c2\">\r\n    <div class=\"kc-wrap\">\r\n      <div class=\"kc-c2__grid\">\r\n\r\n        <div class=\"kc-c2__form\">\r\n          <h2 class=\"kc-c2__title\">Leave Us a Message<\/h2>\r\n          <p class=\"kc-c2__desc\">\r\n            Your request will be forwarded to the relevant team and responded to as soon as possible.\r\n          <\/p>\r\n\r\n          <style id=\"wpforms-css-vars-31079\">\n\t\t\t\t#wpforms-31079 {\n\t\t\t\t--wpforms-field-border-radius: 7px;\n--wpforms-field-border-color: #c6cbc6;\n--wpforms-field-border-color-spare: #c6cbc6;\n--wpforms-field-text-color: #383c39;\n--wpforms-label-color: #383c39;\n--wpforms-label-sublabel-color: #707971;\n--wpforms-label-error-color: #d63636;\n--wpforms-button-border-radius: 7px;\n--wpforms-button-background-color: #58bb5d;\n--wpforms-button-border-color: #58bb5d;\n--wpforms-button-text-color: #eef8ef;\n--wpforms-container-border-radius: 0px;\n--wpforms-background-color: rgba(0, 0, 0, 0);\n--wpforms-page-break-color: #58bb5d;\n--wpforms-field-size-input-height: 31px;\n--wpforms-field-size-input-spacing: 10px;\n--wpforms-field-size-font-size: 14px;\n--wpforms-field-size-line-height: 17px;\n--wpforms-field-size-padding-h: 9px;\n--wpforms-field-size-checkbox-size: 14px;\n--wpforms-field-size-sublabel-spacing: 5px;\n--wpforms-field-size-icon-size: 0.75;\n--wpforms-label-size-font-size: 14px;\n--wpforms-label-size-line-height: 17px;\n--wpforms-label-size-sublabel-font-size: 13px;\n--wpforms-label-size-sublabel-line-height: 16px;\n--wpforms-button-size-font-size: 14px;\n--wpforms-button-size-height: 37px;\n--wpforms-button-size-padding-h: 15px;\n--wpforms-button-size-margin-top: 5px;\n--wpforms-container-shadow-size-box-shadow: none;\n\t\t\t}\n\t\t\t<\/style><div class=\"wpforms-container wpforms-container-full wpforms-render-modern\" id=\"wpforms-31079\"><form id=\"wpforms-form-31079\" class=\"wpforms-validate wpforms-form wpforms-ajax-form\" data-formid=\"31079\" method=\"post\" enctype=\"multipart\/form-data\" action=\"\/en\/wp-json\/wp\/v2\/pages\/31105\" data-token=\"17e431b0bec7f5833b1a175f4075a6a2\" data-token-time=\"1776333457\"><noscript class=\"wpforms-error-noscript\">Please enable JavaScript in your browser to complete this form.<\/noscript><div id=\"wpforms-error-noscript\" style=\"display: none;\">Please enable JavaScript in your browser to complete this form.<\/div><div class=\"wpforms-field-container\"><div id=\"wpforms-31079-field_1-container\" class=\"wpforms-field wpforms-field-name\" data-field-id=\"1\"><fieldset><legend class=\"wpforms-field-label\">Your First and Last Name <span class=\"wpforms-required-label\" aria-hidden=\"true\">*<\/span><\/legend><div class=\"wpforms-field-row wpforms-field-large\"><div class=\"wpforms-field-row-block wpforms-first wpforms-one-half\"><input type=\"text\" id=\"wpforms-31079-field_1\" class=\"wpforms-field-name-first wpforms-field-required\" name=\"wpforms[fields][1][first]\" aria-errormessage=\"wpforms-31079-field_1-error\" required><label for=\"wpforms-31079-field_1\" class=\"wpforms-field-sublabel after wpforms-sublabel-hide\">First<\/label><\/div><div class=\"wpforms-field-row-block wpforms-one-half\"><input type=\"text\" id=\"wpforms-31079-field_1-last\" class=\"wpforms-field-name-last wpforms-field-required\" name=\"wpforms[fields][1][last]\" aria-errormessage=\"wpforms-31079-field_1-last-error\" required><label for=\"wpforms-31079-field_1-last\" class=\"wpforms-field-sublabel after wpforms-sublabel-hide\">Last<\/label><\/div><\/div><\/fieldset><\/div><div id=\"wpforms-31079-field_4-container\" class=\"wpforms-field wpforms-field-phone\" data-field-id=\"4\"><label class=\"wpforms-field-label\" for=\"wpforms-31079-field_4\">Your Phone Number: <span class=\"wpforms-required-label\" aria-hidden=\"true\">*<\/span><\/label><input type=\"tel\" id=\"wpforms-31079-field_4\" class=\"wpforms-field-large wpforms-field-required wpforms-smart-phone-field\" data-rule-smart-phone-field=\"true\" name=\"wpforms[fields][4]\" aria-label=\"Your Phone Number:\" aria-errormessage=\"wpforms-31079-field_4-error\" required><\/div>\t\t<div id=\"wpforms-31079-field_5-container\"\n\t\t\tclass=\"wpforms-field wpforms-field-text\"\n\t\t\tdata-field-type=\"text\"\n\t\t\tdata-field-id=\"5\"\n\t\t\t>\n\t\t\t<label class=\"wpforms-field-label\" for=\"wpforms-31079-field_5\" >Message: First Name<\/label>\n\t\t\t<input type=\"text\" id=\"wpforms-31079-field_5\" class=\"wpforms-field-medium\" name=\"wpforms[fields][5]\" >\n\t\t<\/div>\n\t\t<div id=\"wpforms-31079-field_2-container\" class=\"wpforms-field wpforms-field-email\" data-field-id=\"2\"><label class=\"wpforms-field-label\" for=\"wpforms-31079-field_2\">Email <span class=\"wpforms-required-label\" aria-hidden=\"true\">*<\/span><\/label><input type=\"email\" id=\"wpforms-31079-field_2\" class=\"wpforms-field-large wpforms-field-required\" name=\"wpforms[fields][2]\" spellcheck=\"false\" aria-errormessage=\"wpforms-31079-field_2-error\" required><\/div><div id=\"wpforms-31079-field_3-container\" class=\"wpforms-field wpforms-field-textarea\" data-field-id=\"3\"><label class=\"wpforms-field-label\" for=\"wpforms-31079-field_3\">Your Message: <span class=\"wpforms-required-label\" aria-hidden=\"true\">*<\/span><\/label><textarea id=\"wpforms-31079-field_3\" class=\"wpforms-field-small wpforms-field-required\" name=\"wpforms[fields][3]\" aria-errormessage=\"wpforms-31079-field_3-error\" required><\/textarea><\/div><script>\n\t\t\t\t( function() {\n\t\t\t\t\tconst style = document.createElement( 'style' );\n\t\t\t\t\tstyle.appendChild( document.createTextNode( '#wpforms-31079-field_5-container { position: absolute !important; overflow: hidden !important; display: inline !important; height: 1px !important; width: 1px !important; z-index: -1000 !important; padding: 0 !important; } #wpforms-31079-field_5-container input { visibility: hidden; } #wpforms-conversational-form-page #wpforms-31079-field_5-container label { counter-increment: none; }' ) );\n\t\t\t\t\tdocument.head.appendChild( style );\n\t\t\t\t\tdocument.currentScript?.remove();\n\t\t\t\t} )();\n\t\t\t<\/script><\/div><!-- .wpforms-field-container --><div class=\"wpforms-submit-container\" ><input type=\"hidden\" name=\"wpforms[id]\" value=\"31079\"><input type=\"hidden\" name=\"page_title\" value=\"\"><input type=\"hidden\" name=\"page_url\" value=\"https:\/\/kedosilicone.com.tr\/en\/wp-json\/wp\/v2\/pages\/31105\"><input type=\"hidden\" name=\"url_referer\" value=\"\"><button type=\"submit\" name=\"wpforms[submit]\" id=\"wpforms-submit-31079\" class=\"wpforms-submit\" data-alt-text=\"Sending...\" data-submit-text=\"Send\" aria-live=\"assertive\" value=\"wpforms-submit\">Send<\/button><img loading=\"lazy\" decoding=\"async\" src=\"https:\/\/kedosilicone.com.tr\/wp-content\/plugins\/wpforms\/assets\/images\/submit-spin.svg\" class=\"wpforms-submit-spinner\" style=\"display: none;\" width=\"26\" height=\"26\" alt=\"Loading\"><\/div><\/form><\/div>  <!-- .wpforms-container -->\r\n        <\/div>\r\n\r\n        <div class=\"kc-c2__map\">\r\n          <iframe\r\n            src=\"https:\/\/www.google.com\/maps\/embed?pb=!1m18!1m12!1m3!1d3009.988964782827!2d29.09321527741815!3d41.02549737134804!2m3!1f0!2f0!3f0!3m2!1i1024!2i768!4f13.1!3m3!1m2!1s0x66922be8d7520c8f%3A0xfcf5cbdf63465cf!2sKedo%20Silikon!5e0!3m2!1sen!2sen!4v1770310042182!5m2!1sen!2sen\"\r\n            loading=\"lazy\"\r\n            referrerpolicy=\"no-referrer-when-downgrade\"\r\n            allowfullscreen>\r\n          <\/iframe>\r\n        <\/div>\r\n\r\n      <\/div>\r\n    <\/div>\r\n  <\/section>\r\n\r\n<\/section>\r\n\t\t\t\t<\/div>\n\t\t\t\t<\/div>\n\t\t\t\t<\/div>\n\t\t","protected":false},"excerpt":{"rendered":"<p>Get in Touch with Us You can contact our team directly for technical support, product inquiries, and business collaborations. Message<\/p>\n","protected":false},"author":1,"featured_media":0,"parent":0,"menu_order":0,"comment_status":"closed","ping_status":"closed","template":"","meta":{"footnotes":""},"class_list":["post-31105","page","type-page","status-publish","hentry"],"yoast_head":"<!-- This site is optimized with the Yoast SEO Premium plugin v26.8 (Yoast SEO v26.9) - https:\/\/yoast.com\/product\/yoast-seo-premium-wordpress\/ -->\n<title>Contact | Kedo Silicone<\/title>\n<meta name=\"description\" content=\"Get in Touch with Us You can contact our team directly for technical support, product inquiries, and business collaborations. Message on WhatsApp Call Us | Kedo Silicone\" \/>\n<meta name=\"robots\" content=\"index, follow, max-snippet:-1, max-image-preview:large, max-video-preview:-1\" \/>\n<link rel=\"canonical\" href=\"https:\/\/kedosilicone.com.tr\/en\/contact\/\" \/>\n<meta property=\"og:locale\" content=\"en_US\" \/>\n<meta property=\"og:type\" content=\"article\" \/>\n<meta property=\"og:title\" content=\"Contact | Kedo Silicone\" \/>\n<meta property=\"og:description\" content=\"Get in Touch with Us You can contact our team directly for technical support, product inquiries, and business collaborations. Message on WhatsApp Call Us\" \/>\n<meta property=\"og:url\" content=\"https:\/\/kedosilicone.com.tr\/en\/contact\/\" \/>\n<meta property=\"og:site_name\" content=\"Kedo Silicone\" \/>\n<meta property=\"article:publisher\" content=\"https:\/\/www.facebook.com\/ketossilicone\/\" \/>\n<meta property=\"article:modified_time\" content=\"2026-02-12T21:34:21+00:00\" \/>\n<meta property=\"og:image\" content=\"https:\/\/kedosilicone.com.tr\/wp-content\/uploads\/2026\/02\/telefon.png\" \/>\n<meta name=\"twitter:card\" content=\"summary_large_image\" \/>\n<meta name=\"twitter:label1\" content=\"Est. reading time\" \/>\n\t<meta name=\"twitter:data1\" content=\"2 minutes\" \/>\n<script type=\"application\/ld+json\" class=\"yoast-schema-graph\">{\"@context\":\"https:\/\/schema.org\",\"@graph\":[{\"@type\":\"WebPage\",\"@id\":\"https:\/\/kedosilicone.com.tr\/en\/contact\/\",\"url\":\"https:\/\/kedosilicone.com.tr\/en\/contact\/\",\"name\":\"Contact | Kedo Silicone\",\"isPartOf\":{\"@id\":\"https:\/\/kedosilicone.com.tr\/#website\"},\"primaryImageOfPage\":{\"@id\":\"https:\/\/kedosilicone.com.tr\/en\/contact\/#primaryimage\"},\"image\":{\"@id\":\"https:\/\/kedosilicone.com.tr\/en\/contact\/#primaryimage\"},\"thumbnailUrl\":\"https:\/\/kedosilicone.com.tr\/wp-content\/uploads\/2026\/02\/telefon.png\",\"datePublished\":\"2026-02-05T16:48:12+00:00\",\"dateModified\":\"2026-02-12T21:34:21+00:00\",\"description\":\"Get in Touch with Us You can contact our team directly for technical support, product inquiries, and business collaborations. Message on WhatsApp Call Us | Kedo Silicone\",\"breadcrumb\":{\"@id\":\"https:\/\/kedosilicone.com.tr\/en\/contact\/#breadcrumb\"},\"inLanguage\":\"en-US\",\"potentialAction\":[{\"@type\":\"ReadAction\",\"target\":[\"https:\/\/kedosilicone.com.tr\/en\/contact\/\"]}]},{\"@type\":\"ImageObject\",\"inLanguage\":\"en-US\",\"@id\":\"https:\/\/kedosilicone.com.tr\/en\/contact\/#primaryimage\",\"url\":\"https:\/\/kedosilicone.com.tr\/wp-content\/uploads\/2026\/02\/telefon.png\",\"contentUrl\":\"https:\/\/kedosilicone.com.tr\/wp-content\/uploads\/2026\/02\/telefon.png\"},{\"@type\":\"BreadcrumbList\",\"@id\":\"https:\/\/kedosilicone.com.tr\/en\/contact\/#breadcrumb\",\"itemListElement\":[{\"@type\":\"ListItem\",\"position\":1,\"name\":\"Ana Sayfa\",\"item\":\"https:\/\/kedosilicone.com.tr\/en\/\"},{\"@type\":\"ListItem\",\"position\":2,\"name\":\"Contact\"}]},{\"@type\":\"WebSite\",\"@id\":\"https:\/\/kedosilicone.com.tr\/#website\",\"url\":\"https:\/\/kedosilicone.com.tr\/\",\"name\":\"Kedo Silicone T\u00fcrkiye\",\"description\":\"Silikon Teknolojilerinde Ar-Ge ve \u00dcretim Lideri\",\"publisher\":{\"@id\":\"https:\/\/kedosilicone.com.tr\/#organization\"},\"alternateName\":\"Kedo Silicon\",\"potentialAction\":[{\"@type\":\"SearchAction\",\"target\":{\"@type\":\"EntryPoint\",\"urlTemplate\":\"https:\/\/kedosilicone.com.tr\/?s={search_term_string}\"},\"query-input\":{\"@type\":\"PropertyValueSpecification\",\"valueRequired\":true,\"valueName\":\"search_term_string\"}}],\"inLanguage\":\"en-US\"},{\"@type\":\"Organization\",\"@id\":\"https:\/\/kedosilicone.com.tr\/#organization\",\"name\":\"Kedo Silicone\",\"alternateName\":\"Kedo Silicon\",\"url\":\"https:\/\/kedosilicone.com.tr\/\",\"logo\":{\"@type\":\"ImageObject\",\"inLanguage\":\"en-US\",\"@id\":\"https:\/\/kedosilicone.com.tr\/#\/schema\/logo\/image\/\",\"url\":\"https:\/\/kedosilicone.com.tr\/wp-content\/uploads\/2026\/01\/KEDO-SILICONE-TURKIYE-1-1.png\",\"contentUrl\":\"https:\/\/kedosilicone.com.tr\/wp-content\/uploads\/2026\/01\/KEDO-SILICONE-TURKIYE-1-1.png\",\"width\":500,\"height\":500,\"caption\":\"Kedo Silicone\"},\"image\":{\"@id\":\"https:\/\/kedosilicone.com.tr\/#\/schema\/logo\/image\/\"},\"sameAs\":[\"https:\/\/www.facebook.com\/ketossilicone\/\",\"https:\/\/www.instagram.com\/ketossilicone\/\",\"https:\/\/api.whatsapp.com\/message\/NXSQFMNV6GHNL1\"],\"description\":\"KEDO Silicone, end\u00fcstriyel silikon \u00e7\u00f6z\u00fcmleri alan\u0131nda Ar-Ge, form\u00fclasyon ve \u00fcretim yapan bir kurulu\u015ftur. Tekstil bask\u0131 silikonlar\u0131 ba\u015fta olmak \u00fczere uygulama odakl\u0131 \u00fcr\u00fcn geli\u015ftirme ve teknik destek sunar.\",\"email\":\"info@kedosilicone.com.tr\",\"telephone\":\"0 (538) 978 42 26\",\"legalName\":\"KETOS S\u0130L\u0130KON K\u0130MYA T\u0130CARET L\u0130M\u0130TED \u015e\u0130RKET\u0130\",\"foundingDate\":\"2026-01-01\",\"taxID\":\"5482504263\",\"numberOfEmployees\":{\"@type\":\"QuantitativeValue\",\"minValue\":\"1\",\"maxValue\":\"10\"}}]}<\/script>\n<!-- \/ Yoast SEO Premium plugin. -->","yoast_head_json":{"title":"Contact | Kedo Silicone","description":"Get in Touch with Us You can contact our team directly for technical support, product inquiries, and business collaborations. Message on WhatsApp Call Us | Kedo Silicone","robots":{"index":"index","follow":"follow","max-snippet":"max-snippet:-1","max-image-preview":"max-image-preview:large","max-video-preview":"max-video-preview:-1"},"canonical":"https:\/\/kedosilicone.com.tr\/en\/contact\/","og_locale":"en_US","og_type":"article","og_title":"Contact | Kedo Silicone","og_description":"Get in Touch with Us You can contact our team directly for technical support, product inquiries, and business collaborations. Message on WhatsApp Call Us","og_url":"https:\/\/kedosilicone.com.tr\/en\/contact\/","og_site_name":"Kedo Silicone","article_publisher":"https:\/\/www.facebook.com\/ketossilicone\/","article_modified_time":"2026-02-12T21:34:21+00:00","og_image":[{"url":"https:\/\/kedosilicone.com.tr\/wp-content\/uploads\/2026\/02\/telefon.png","type":"","width":"","height":""}],"twitter_card":"summary_large_image","twitter_misc":{"Est. reading time":"2 minutes"},"schema":{"@context":"https:\/\/schema.org","@graph":[{"@type":"WebPage","@id":"https:\/\/kedosilicone.com.tr\/en\/contact\/","url":"https:\/\/kedosilicone.com.tr\/en\/contact\/","name":"Contact | Kedo Silicone","isPartOf":{"@id":"https:\/\/kedosilicone.com.tr\/#website"},"primaryImageOfPage":{"@id":"https:\/\/kedosilicone.com.tr\/en\/contact\/#primaryimage"},"image":{"@id":"https:\/\/kedosilicone.com.tr\/en\/contact\/#primaryimage"},"thumbnailUrl":"https:\/\/kedosilicone.com.tr\/wp-content\/uploads\/2026\/02\/telefon.png","datePublished":"2026-02-05T16:48:12+00:00","dateModified":"2026-02-12T21:34:21+00:00","description":"Get in Touch with Us You can contact our team directly for technical support, product inquiries, and business collaborations. Message on WhatsApp Call Us | Kedo Silicone","breadcrumb":{"@id":"https:\/\/kedosilicone.com.tr\/en\/contact\/#breadcrumb"},"inLanguage":"en-US","potentialAction":[{"@type":"ReadAction","target":["https:\/\/kedosilicone.com.tr\/en\/contact\/"]}]},{"@type":"ImageObject","inLanguage":"en-US","@id":"https:\/\/kedosilicone.com.tr\/en\/contact\/#primaryimage","url":"https:\/\/kedosilicone.com.tr\/wp-content\/uploads\/2026\/02\/telefon.png","contentUrl":"https:\/\/kedosilicone.com.tr\/wp-content\/uploads\/2026\/02\/telefon.png"},{"@type":"BreadcrumbList","@id":"https:\/\/kedosilicone.com.tr\/en\/contact\/#breadcrumb","itemListElement":[{"@type":"ListItem","position":1,"name":"Ana Sayfa","item":"https:\/\/kedosilicone.com.tr\/en\/"},{"@type":"ListItem","position":2,"name":"Contact"}]},{"@type":"WebSite","@id":"https:\/\/kedosilicone.com.tr\/#website","url":"https:\/\/kedosilicone.com.tr\/","name":"Kedo Silicone T\u00fcrkiye","description":"Silikon Teknolojilerinde Ar-Ge ve \u00dcretim Lideri","publisher":{"@id":"https:\/\/kedosilicone.com.tr\/#organization"},"alternateName":"Kedo Silicon","potentialAction":[{"@type":"SearchAction","target":{"@type":"EntryPoint","urlTemplate":"https:\/\/kedosilicone.com.tr\/?s={search_term_string}"},"query-input":{"@type":"PropertyValueSpecification","valueRequired":true,"valueName":"search_term_string"}}],"inLanguage":"en-US"},{"@type":"Organization","@id":"https:\/\/kedosilicone.com.tr\/#organization","name":"Kedo Silicone","alternateName":"Kedo Silicon","url":"https:\/\/kedosilicone.com.tr\/","logo":{"@type":"ImageObject","inLanguage":"en-US","@id":"https:\/\/kedosilicone.com.tr\/#\/schema\/logo\/image\/","url":"https:\/\/kedosilicone.com.tr\/wp-content\/uploads\/2026\/01\/KEDO-SILICONE-TURKIYE-1-1.png","contentUrl":"https:\/\/kedosilicone.com.tr\/wp-content\/uploads\/2026\/01\/KEDO-SILICONE-TURKIYE-1-1.png","width":500,"height":500,"caption":"Kedo Silicone"},"image":{"@id":"https:\/\/kedosilicone.com.tr\/#\/schema\/logo\/image\/"},"sameAs":["https:\/\/www.facebook.com\/ketossilicone\/","https:\/\/www.instagram.com\/ketossilicone\/","https:\/\/api.whatsapp.com\/message\/NXSQFMNV6GHNL1"],"description":"KEDO Silicone, end\u00fcstriyel silikon \u00e7\u00f6z\u00fcmleri alan\u0131nda Ar-Ge, form\u00fclasyon ve \u00fcretim yapan bir kurulu\u015ftur. Tekstil bask\u0131 silikonlar\u0131 ba\u015fta olmak \u00fczere uygulama odakl\u0131 \u00fcr\u00fcn geli\u015ftirme ve teknik destek sunar.","email":"info@kedosilicone.com.tr","telephone":"0 (538) 978 42 26","legalName":"KETOS S\u0130L\u0130KON K\u0130MYA T\u0130CARET L\u0130M\u0130TED \u015e\u0130RKET\u0130","foundingDate":"2026-01-01","taxID":"5482504263","numberOfEmployees":{"@type":"QuantitativeValue","minValue":"1","maxValue":"10"}}]}},"_links":{"self":[{"href":"https:\/\/kedosilicone.com.tr\/en\/wp-json\/wp\/v2\/pages\/31105","targetHints":{"allow":["GET"]}}],"collection":[{"href":"https:\/\/kedosilicone.com.tr\/en\/wp-json\/wp\/v2\/pages"}],"about":[{"href":"https:\/\/kedosilicone.com.tr\/en\/wp-json\/wp\/v2\/types\/page"}],"author":[{"embeddable":true,"href":"https:\/\/kedosilicone.com.tr\/en\/wp-json\/wp\/v2\/users\/1"}],"replies":[{"embeddable":true,"href":"https:\/\/kedosilicone.com.tr\/en\/wp-json\/wp\/v2\/comments?post=31105"}],"version-history":[{"count":4,"href":"https:\/\/kedosilicone.com.tr\/en\/wp-json\/wp\/v2\/pages\/31105\/revisions"}],"predecessor-version":[{"id":31109,"href":"https:\/\/kedosilicone.com.tr\/en\/wp-json\/wp\/v2\/pages\/31105\/revisions\/31109"}],"wp:attachment":[{"href":"https:\/\/kedosilicone.com.tr\/en\/wp-json\/wp\/v2\/media?parent=31105"}],"curies":[{"name":"wp","href":"https:\/\/api.w.org\/{rel}","templated":true}]}}