{"id":31724,"date":"2026-02-23T19:25:32","date_gmt":"2026-02-23T19:25:32","guid":{"rendered":"https:\/\/kedosilicone.com.tr\/urun\/giyim-kaliplama-icin-kabartma-efektli-sivi-organik-silikon\/"},"modified":"2026-02-25T11:08:27","modified_gmt":"2026-02-25T11:08:27","slug":"embossed-effect-liquid-organic-silicone-for-garment-molding-kd900-40-t-1","status":"publish","type":"product","link":"https:\/\/kedosilicone.com.tr\/en\/urun\/embossed-effect-liquid-organic-silicone-for-garment-molding-kd900-40-t-1\/","title":{"rendered":"Embossed Effect Liquid Organic Silicone for Garment Molding &#8211; KD900-40-T-1"},"content":{"rendered":"<div id=\"kedo-product\">\n<h2 class=\"kedo-title\">Embossed Effect Liquid Organic Silicone for Garment Molding &#8211; KD900-40-T-1<\/h2>\n<h3 class=\"kedo-subtitle\">Product Description<\/h3>\n<p class=\"kedo-desc\">Mixing ratios and technical details are shared before ordering according to application and process conditions. The product is suitable for production processes targeting stable performance depending on the application type.<\/p>\n<h3 class=\"kedo-subtitle\">Technical Information<\/h3>\n<div id=\"kedo-spec-table\" class=\"kedo-spec-wrap\">\n<table class=\"kedo-spec-table\" aria-label=\"Technical Information\">\n<thead>\n<tr>\n<th>Certificates<\/th>\n<th>Specification<\/th>\n<th>Brand<\/th>\n<th>Origin<\/th>\n<th>Model No<\/th>\n<\/tr>\n<\/thead>\n<tbody>\n<tr>\n<td>ISO, FDA, REACH, RoHS<\/td>\n<td><\/td>\n<td>KEDO<\/td>\n<td>China<\/td>\n<td>KD900-40-T-1<\/td>\n<\/tr>\n<\/tbody>\n<\/table><\/div>\n<h3 class=\"kedo-subtitle\">Frequently Asked Questions<\/h3>\n<div id=\"kedo-faq\" class=\"kedo-faq\">\n<div class=\"kedo-faq-item\">\n      <strong>Can I get a sample?<\/strong><\/p>\n<p>Yes, samples can be provided upon request (depending on stock\/logistics conditions).<\/p>\n<\/p><\/div>\n<div class=\"kedo-faq-item\">\n      <strong>What is the mixing ratio?<\/strong><\/p>\n<p>It varies depending on the product type; technical information is shared before ordering.<\/p>\n<\/p><\/div>\n<div class=\"kedo-faq-item\">\n      <strong>What is the MOQ?<\/strong><\/p>\n<p>MOQ may vary depending on the product group; it is clarified during the quotation stage.<\/p>\n<\/p><\/div>\n<div class=\"kedo-faq-item\">\n      <strong>What are the packaging options?<\/strong><\/p>\n<p>Usually 20 kg drums; different packaging options can be offered depending on the product group.<\/p>\n<\/p><\/div>\n<div class=\"kedo-faq-item\">\n      <strong>Which certificates are available?<\/strong><\/p>\n<p>Certification details such as ISO, FDA, REACH, and RoHS are provided depending on the product.<\/p>\n<\/p><\/div>\n<\/p><\/div>\n<\/div>\n","protected":false},"excerpt":{"rendered":"<p>Mixing ratios and technical details are shared before ordering according to application and process conditions. The product is suitable for production processes targeting stable performance depending on the application type.<\/p>\n","protected":false},"featured_media":30247,"comment_status":"open","ping_status":"closed","template":"","meta":[],"product_brand":[],"product_cat":[85],"product_tag":[],"class_list":{"0":"post-31724","1":"product","2":"type-product","3":"status-publish","4":"has-post-thumbnail","6":"product_cat-screen-printing-silicones","8":"first","9":"instock","10":"shipping-taxable","11":"product-type-simple"},"yoast_head":"<!-- This site is optimized with the Yoast SEO Premium plugin v26.8 (Yoast SEO v26.9) - https:\/\/yoast.com\/product\/yoast-seo-premium-wordpress\/ -->\n<title>Embossed Effect Liquid Organic Silicone for Garment Molding - KD900-40-T-1 | Kedo Silicone<\/title>\n<meta name=\"description\" content=\"Mixing ratios and technical details are shared before ordering according to application and process conditions. The product is suitable for production processes targeting stable performance depending on the application type. | Kedo Silicone\" \/>\n<meta name=\"robots\" content=\"index, follow, max-snippet:-1, max-image-preview:large, max-video-preview:-1\" \/>\n<link rel=\"canonical\" href=\"https:\/\/kedosilicone.com.tr\/en\/urun\/embossed-effect-liquid-organic-silicone-for-garment-molding-kd900-40-t-1\/\" \/>\n<meta property=\"og:locale\" content=\"en_US\" \/>\n<meta property=\"og:type\" content=\"article\" \/>\n<meta property=\"og:title\" content=\"Embossed Effect Liquid Organic Silicone for Garment Molding - KD900-40-T-1 | Kedo Silicone\" \/>\n<meta property=\"og:description\" content=\"Mixing ratios and technical details are shared before ordering according to application and process conditions. The product is suitable for production processes targeting stable performance depending on the application type.\" \/>\n<meta property=\"og:url\" content=\"https:\/\/kedosilicone.com.tr\/en\/urun\/embossed-effect-liquid-organic-silicone-for-garment-molding-kd900-40-t-1\/\" \/>\n<meta property=\"og:site_name\" content=\"Kedo Silicone\" \/>\n<meta property=\"article:publisher\" content=\"https:\/\/www.facebook.com\/ketossilicone\/\" \/>\n<meta property=\"article:modified_time\" content=\"2026-02-25T11:08:27+00:00\" \/>\n<meta property=\"og:image\" content=\"https:\/\/kedosilicone.com.tr\/wp-content\/uploads\/2026\/01\/Embossed-Liquid-Organic-Silicone-for-Clothing-Molding-3.webp\" \/>\n\t<meta property=\"og:image:width\" content=\"1500\" \/>\n\t<meta property=\"og:image:height\" content=\"1500\" \/>\n\t<meta property=\"og:image:type\" content=\"image\/webp\" \/>\n<meta name=\"twitter:card\" content=\"summary_large_image\" \/>\n<meta name=\"twitter:label1\" content=\"Price\" \/>\n\t<meta name=\"twitter:data1\" content=\"\" \/>\n\t<meta name=\"twitter:label2\" content=\"Availability\" \/>\n\t<meta name=\"twitter:data2\" content=\"In stock\" \/>\n<script type=\"application\/ld+json\" class=\"yoast-schema-graph\">{\"@context\":\"https:\/\/schema.org\",\"@graph\":[{\"@type\":\"WebPage\",\"@id\":\"https:\/\/kedosilicone.com.tr\/en\/urun\/embossed-effect-liquid-organic-silicone-for-garment-molding-kd900-40-t-1\/\",\"url\":\"https:\/\/kedosilicone.com.tr\/en\/urun\/embossed-effect-liquid-organic-silicone-for-garment-molding-kd900-40-t-1\/\",\"name\":\"Embossed Effect Liquid Organic Silicone for Garment Molding - KD900-40-T-1 | Kedo Silicone\",\"isPartOf\":{\"@id\":\"https:\/\/kedosilicone.com.tr\/#website\"},\"primaryImageOfPage\":{\"@id\":\"https:\/\/kedosilicone.com.tr\/en\/urun\/embossed-effect-liquid-organic-silicone-for-garment-molding-kd900-40-t-1\/#primaryimage\"},\"image\":{\"@id\":\"https:\/\/kedosilicone.com.tr\/en\/urun\/embossed-effect-liquid-organic-silicone-for-garment-molding-kd900-40-t-1\/#primaryimage\"},\"thumbnailUrl\":\"https:\/\/kedosilicone.com.tr\/wp-content\/uploads\/2026\/01\/Embossed-Liquid-Organic-Silicone-for-Clothing-Molding-3.webp\",\"datePublished\":\"2026-02-23T19:25:32+00:00\",\"dateModified\":\"2026-02-25T11:08:27+00:00\",\"description\":\"Mixing ratios and technical details are shared before ordering according to application and process conditions. The product is suitable for production processes targeting stable performance depending on the application type. | Kedo Silicone\",\"breadcrumb\":{\"@id\":\"https:\/\/kedosilicone.com.tr\/en\/urun\/embossed-effect-liquid-organic-silicone-for-garment-molding-kd900-40-t-1\/#breadcrumb\"},\"inLanguage\":\"en-US\",\"potentialAction\":[{\"@type\":\"ReadAction\",\"target\":[\"https:\/\/kedosilicone.com.tr\/en\/urun\/embossed-effect-liquid-organic-silicone-for-garment-molding-kd900-40-t-1\/\"]}]},{\"@type\":\"ImageObject\",\"inLanguage\":\"en-US\",\"@id\":\"https:\/\/kedosilicone.com.tr\/en\/urun\/embossed-effect-liquid-organic-silicone-for-garment-molding-kd900-40-t-1\/#primaryimage\",\"url\":\"https:\/\/kedosilicone.com.tr\/wp-content\/uploads\/2026\/01\/Embossed-Liquid-Organic-Silicone-for-Clothing-Molding-3.webp\",\"contentUrl\":\"https:\/\/kedosilicone.com.tr\/wp-content\/uploads\/2026\/01\/Embossed-Liquid-Organic-Silicone-for-Clothing-Molding-3.webp\",\"width\":1500,\"height\":1500},{\"@type\":\"BreadcrumbList\",\"@id\":\"https:\/\/kedosilicone.com.tr\/en\/urun\/embossed-effect-liquid-organic-silicone-for-garment-molding-kd900-40-t-1\/#breadcrumb\",\"itemListElement\":[{\"@type\":\"ListItem\",\"position\":1,\"name\":\"Ana Sayfa\",\"item\":\"https:\/\/kedosilicone.com.tr\/en\/\"},{\"@type\":\"ListItem\",\"position\":2,\"name\":\"\u00dcr\u00fcnler\",\"item\":\"https:\/\/kedosilicone.com.tr\/urunler\/\"},{\"@type\":\"ListItem\",\"position\":3,\"name\":\"Embossed Effect Liquid Organic Silicone for Garment Molding &#8211; KD900-40-T-1\"}]},{\"@type\":\"WebSite\",\"@id\":\"https:\/\/kedosilicone.com.tr\/#website\",\"url\":\"https:\/\/kedosilicone.com.tr\/\",\"name\":\"Kedo Silicone T\u00fcrkiye\",\"description\":\"Silikon Teknolojilerinde Ar-Ge ve \u00dcretim Lideri\",\"publisher\":{\"@id\":\"https:\/\/kedosilicone.com.tr\/#organization\"},\"alternateName\":\"Kedo Silicon\",\"potentialAction\":[{\"@type\":\"SearchAction\",\"target\":{\"@type\":\"EntryPoint\",\"urlTemplate\":\"https:\/\/kedosilicone.com.tr\/?s={search_term_string}\"},\"query-input\":{\"@type\":\"PropertyValueSpecification\",\"valueRequired\":true,\"valueName\":\"search_term_string\"}}],\"inLanguage\":\"en-US\"},{\"@type\":\"Organization\",\"@id\":\"https:\/\/kedosilicone.com.tr\/#organization\",\"name\":\"Kedo Silicone\",\"alternateName\":\"Kedo Silicon\",\"url\":\"https:\/\/kedosilicone.com.tr\/\",\"logo\":{\"@type\":\"ImageObject\",\"inLanguage\":\"en-US\",\"@id\":\"https:\/\/kedosilicone.com.tr\/#\/schema\/logo\/image\/\",\"url\":\"https:\/\/kedosilicone.com.tr\/wp-content\/uploads\/2026\/01\/KEDO-SILICONE-TURKIYE-1-1.png\",\"contentUrl\":\"https:\/\/kedosilicone.com.tr\/wp-content\/uploads\/2026\/01\/KEDO-SILICONE-TURKIYE-1-1.png\",\"width\":500,\"height\":500,\"caption\":\"Kedo Silicone\"},\"image\":{\"@id\":\"https:\/\/kedosilicone.com.tr\/#\/schema\/logo\/image\/\"},\"sameAs\":[\"https:\/\/www.facebook.com\/ketossilicone\/\",\"https:\/\/www.instagram.com\/ketossilicone\/\",\"https:\/\/api.whatsapp.com\/message\/NXSQFMNV6GHNL1\"],\"description\":\"KEDO Silicone, end\u00fcstriyel silikon \u00e7\u00f6z\u00fcmleri alan\u0131nda Ar-Ge, form\u00fclasyon ve \u00fcretim yapan bir kurulu\u015ftur. Tekstil bask\u0131 silikonlar\u0131 ba\u015fta olmak \u00fczere uygulama odakl\u0131 \u00fcr\u00fcn geli\u015ftirme ve teknik destek sunar.\",\"email\":\"info@kedosilicone.com.tr\",\"telephone\":\"0 (538) 978 42 26\",\"legalName\":\"KETOS S\u0130L\u0130KON K\u0130MYA T\u0130CARET L\u0130M\u0130TED \u015e\u0130RKET\u0130\",\"foundingDate\":\"2026-01-01\",\"taxID\":\"5482504263\",\"numberOfEmployees\":{\"@type\":\"QuantitativeValue\",\"minValue\":\"1\",\"maxValue\":\"10\"}}]}<\/script>\n<meta property=\"product:price:currency\" content=\"TRY\" \/>\n<meta property=\"og:availability\" content=\"instock\" \/>\n<meta property=\"product:availability\" content=\"instock\" \/>\n<meta property=\"product:retailer_item_id\" content=\"KD900-40-T-1en\" \/>\n<meta property=\"product:condition\" content=\"new\" \/>\n<!-- \/ Yoast SEO Premium plugin. -->","yoast_head_json":{"title":"Embossed Effect Liquid Organic Silicone for Garment Molding - KD900-40-T-1 | Kedo Silicone","description":"Mixing ratios and technical details are shared before ordering according to application and process conditions. The product is suitable for production processes targeting stable performance depending on the application type. | Kedo Silicone","robots":{"index":"index","follow":"follow","max-snippet":"max-snippet:-1","max-image-preview":"max-image-preview:large","max-video-preview":"max-video-preview:-1"},"canonical":"https:\/\/kedosilicone.com.tr\/en\/urun\/embossed-effect-liquid-organic-silicone-for-garment-molding-kd900-40-t-1\/","og_locale":"en_US","og_type":"article","og_title":"Embossed Effect Liquid Organic Silicone for Garment Molding - KD900-40-T-1 | Kedo Silicone","og_description":"Mixing ratios and technical details are shared before ordering according to application and process conditions. The product is suitable for production processes targeting stable performance depending on the application type.","og_url":"https:\/\/kedosilicone.com.tr\/en\/urun\/embossed-effect-liquid-organic-silicone-for-garment-molding-kd900-40-t-1\/","og_site_name":"Kedo Silicone","article_publisher":"https:\/\/www.facebook.com\/ketossilicone\/","article_modified_time":"2026-02-25T11:08:27+00:00","og_image":[{"width":1500,"height":1500,"url":"https:\/\/kedosilicone.com.tr\/wp-content\/uploads\/2026\/01\/Embossed-Liquid-Organic-Silicone-for-Clothing-Molding-3.webp","type":"image\/webp"}],"twitter_card":"summary_large_image","twitter_misc":{"Price":"","Availability":"In stock"},"schema":{"@context":"https:\/\/schema.org","@graph":[{"@type":"WebPage","@id":"https:\/\/kedosilicone.com.tr\/en\/urun\/embossed-effect-liquid-organic-silicone-for-garment-molding-kd900-40-t-1\/","url":"https:\/\/kedosilicone.com.tr\/en\/urun\/embossed-effect-liquid-organic-silicone-for-garment-molding-kd900-40-t-1\/","name":"Embossed Effect Liquid Organic Silicone for Garment Molding - KD900-40-T-1 | Kedo Silicone","isPartOf":{"@id":"https:\/\/kedosilicone.com.tr\/#website"},"primaryImageOfPage":{"@id":"https:\/\/kedosilicone.com.tr\/en\/urun\/embossed-effect-liquid-organic-silicone-for-garment-molding-kd900-40-t-1\/#primaryimage"},"image":{"@id":"https:\/\/kedosilicone.com.tr\/en\/urun\/embossed-effect-liquid-organic-silicone-for-garment-molding-kd900-40-t-1\/#primaryimage"},"thumbnailUrl":"https:\/\/kedosilicone.com.tr\/wp-content\/uploads\/2026\/01\/Embossed-Liquid-Organic-Silicone-for-Clothing-Molding-3.webp","datePublished":"2026-02-23T19:25:32+00:00","dateModified":"2026-02-25T11:08:27+00:00","description":"Mixing ratios and technical details are shared before ordering according to application and process conditions. The product is suitable for production processes targeting stable performance depending on the application type. | Kedo Silicone","breadcrumb":{"@id":"https:\/\/kedosilicone.com.tr\/en\/urun\/embossed-effect-liquid-organic-silicone-for-garment-molding-kd900-40-t-1\/#breadcrumb"},"inLanguage":"en-US","potentialAction":[{"@type":"ReadAction","target":["https:\/\/kedosilicone.com.tr\/en\/urun\/embossed-effect-liquid-organic-silicone-for-garment-molding-kd900-40-t-1\/"]}]},{"@type":"ImageObject","inLanguage":"en-US","@id":"https:\/\/kedosilicone.com.tr\/en\/urun\/embossed-effect-liquid-organic-silicone-for-garment-molding-kd900-40-t-1\/#primaryimage","url":"https:\/\/kedosilicone.com.tr\/wp-content\/uploads\/2026\/01\/Embossed-Liquid-Organic-Silicone-for-Clothing-Molding-3.webp","contentUrl":"https:\/\/kedosilicone.com.tr\/wp-content\/uploads\/2026\/01\/Embossed-Liquid-Organic-Silicone-for-Clothing-Molding-3.webp","width":1500,"height":1500},{"@type":"BreadcrumbList","@id":"https:\/\/kedosilicone.com.tr\/en\/urun\/embossed-effect-liquid-organic-silicone-for-garment-molding-kd900-40-t-1\/#breadcrumb","itemListElement":[{"@type":"ListItem","position":1,"name":"Ana Sayfa","item":"https:\/\/kedosilicone.com.tr\/en\/"},{"@type":"ListItem","position":2,"name":"\u00dcr\u00fcnler","item":"https:\/\/kedosilicone.com.tr\/urunler\/"},{"@type":"ListItem","position":3,"name":"Embossed Effect Liquid Organic Silicone for Garment Molding &#8211; KD900-40-T-1"}]},{"@type":"WebSite","@id":"https:\/\/kedosilicone.com.tr\/#website","url":"https:\/\/kedosilicone.com.tr\/","name":"Kedo Silicone T\u00fcrkiye","description":"Silikon Teknolojilerinde Ar-Ge ve \u00dcretim Lideri","publisher":{"@id":"https:\/\/kedosilicone.com.tr\/#organization"},"alternateName":"Kedo Silicon","potentialAction":[{"@type":"SearchAction","target":{"@type":"EntryPoint","urlTemplate":"https:\/\/kedosilicone.com.tr\/?s={search_term_string}"},"query-input":{"@type":"PropertyValueSpecification","valueRequired":true,"valueName":"search_term_string"}}],"inLanguage":"en-US"},{"@type":"Organization","@id":"https:\/\/kedosilicone.com.tr\/#organization","name":"Kedo Silicone","alternateName":"Kedo Silicon","url":"https:\/\/kedosilicone.com.tr\/","logo":{"@type":"ImageObject","inLanguage":"en-US","@id":"https:\/\/kedosilicone.com.tr\/#\/schema\/logo\/image\/","url":"https:\/\/kedosilicone.com.tr\/wp-content\/uploads\/2026\/01\/KEDO-SILICONE-TURKIYE-1-1.png","contentUrl":"https:\/\/kedosilicone.com.tr\/wp-content\/uploads\/2026\/01\/KEDO-SILICONE-TURKIYE-1-1.png","width":500,"height":500,"caption":"Kedo Silicone"},"image":{"@id":"https:\/\/kedosilicone.com.tr\/#\/schema\/logo\/image\/"},"sameAs":["https:\/\/www.facebook.com\/ketossilicone\/","https:\/\/www.instagram.com\/ketossilicone\/","https:\/\/api.whatsapp.com\/message\/NXSQFMNV6GHNL1"],"description":"KEDO Silicone, end\u00fcstriyel silikon \u00e7\u00f6z\u00fcmleri alan\u0131nda Ar-Ge, form\u00fclasyon ve \u00fcretim yapan bir kurulu\u015ftur. Tekstil bask\u0131 silikonlar\u0131 ba\u015fta olmak \u00fczere uygulama odakl\u0131 \u00fcr\u00fcn geli\u015ftirme ve teknik destek sunar.","email":"info@kedosilicone.com.tr","telephone":"0 (538) 978 42 26","legalName":"KETOS S\u0130L\u0130KON K\u0130MYA T\u0130CARET L\u0130M\u0130TED \u015e\u0130RKET\u0130","foundingDate":"2026-01-01","taxID":"5482504263","numberOfEmployees":{"@type":"QuantitativeValue","minValue":"1","maxValue":"10"}}]},"product_price_currency":"TRY","og_availability":"instock","product_availability":"instock","product_retailer_item_id":"KD900-40-T-1en","product_condition":"new"},"_links":{"self":[{"href":"https:\/\/kedosilicone.com.tr\/en\/wp-json\/wp\/v2\/product\/31724","targetHints":{"allow":["GET"]}}],"collection":[{"href":"https:\/\/kedosilicone.com.tr\/en\/wp-json\/wp\/v2\/product"}],"about":[{"href":"https:\/\/kedosilicone.com.tr\/en\/wp-json\/wp\/v2\/types\/product"}],"replies":[{"embeddable":true,"href":"https:\/\/kedosilicone.com.tr\/en\/wp-json\/wp\/v2\/comments?post=31724"}],"version-history":[{"count":3,"href":"https:\/\/kedosilicone.com.tr\/en\/wp-json\/wp\/v2\/product\/31724\/revisions"}],"predecessor-version":[{"id":31944,"href":"https:\/\/kedosilicone.com.tr\/en\/wp-json\/wp\/v2\/product\/31724\/revisions\/31944"}],"wp:featuredmedia":[{"embeddable":true,"href":"https:\/\/kedosilicone.com.tr\/en\/wp-json\/wp\/v2\/media\/30247"}],"wp:attachment":[{"href":"https:\/\/kedosilicone.com.tr\/en\/wp-json\/wp\/v2\/media?parent=31724"}],"wp:term":[{"taxonomy":"product_brand","embeddable":true,"href":"https:\/\/kedosilicone.com.tr\/en\/wp-json\/wp\/v2\/product_brand?post=31724"},{"taxonomy":"product_cat","embeddable":true,"href":"https:\/\/kedosilicone.com.tr\/en\/wp-json\/wp\/v2\/product_cat?post=31724"},{"taxonomy":"product_tag","embeddable":true,"href":"https:\/\/kedosilicone.com.tr\/en\/wp-json\/wp\/v2\/product_tag?post=31724"}],"curies":[{"name":"wp","href":"https:\/\/api.w.org\/{rel}","templated":true}]}}