{"id":31730,"date":"2026-02-23T19:25:31","date_gmt":"2026-02-23T19:25:31","guid":{"rendered":"https:\/\/kedosilicone.com.tr\/urun\/ozel-kumaslar-icin-kolay-isil-kuruyan-silikon-baski-murekkebi-kd-sy1007a\/"},"modified":"2026-02-25T11:32:16","modified_gmt":"2026-02-25T11:32:16","slug":"easy-heat-curing-silicone-printing-ink-for-special-fabrics-kd-sy1007a","status":"publish","type":"product","link":"https:\/\/kedosilicone.com.tr\/en\/urun\/easy-heat-curing-silicone-printing-ink-for-special-fabrics-kd-sy1007a\/","title":{"rendered":"Easy Heat-Curing Silicone Printing Ink for Special Fabrics (KD-SY1007A)"},"content":{"rendered":"<div id=\"kedo-product\">\n<h2 class=\"kedo-title\">Easy Heat-Curing Silicone Printing Ink for Special Fabrics (KD-SY1007A)<\/h2>\n<h3 class=\"kedo-subtitle\">Product Description<\/h3>\n<p class=\"kedo-desc\">This silicone printing ink is designed for special fabrics requiring easy heat-curing performance and stable production results. Suitable for various textile printing processes, it provides consistent surface quality and reliable adhesion. Mixing ratios and technical details are shared before ordering according to application and process conditions.<\/p>\n<h3 class=\"kedo-subtitle\">Technical Information<\/h3>\n<div id=\"kedo-spec-table\" class=\"kedo-spec-wrap\">\n<table class=\"kedo-spec-table\" aria-label=\"Technical Information\">\n<thead>\n<tr>\n<th>Certificates<\/th>\n<th>Specification<\/th>\n<th>Brand<\/th>\n<th>Origin<\/th>\n<th>Model No<\/th>\n<\/tr>\n<\/thead>\n<tbody>\n<tr>\n<td>ISO, FDA, REACH, RoHS<\/td>\n<td>20kg\/barrel<\/td>\n<td>KEDO<\/td>\n<td>China<\/td>\n<td>KD-SY1007A<\/td>\n<\/tr>\n<\/tbody>\n<\/table><\/div>\n<h3 class=\"kedo-subtitle\">Frequently Asked Questions<\/h3>\n<div id=\"kedo-faq\" class=\"kedo-faq\">\n<div class=\"kedo-faq-item\">\n      <strong>Can I get a sample?<\/strong><\/p>\n<p>Yes, samples can be provided upon request (depending on stock and logistics conditions).<\/p>\n<\/p><\/div>\n<div class=\"kedo-faq-item\">\n      <strong>What is the mixing ratio?<\/strong><\/p>\n<p>It varies depending on the product type; technical information is shared before ordering.<\/p>\n<\/p><\/div>\n<div class=\"kedo-faq-item\">\n      <strong>What is the MOQ?<\/strong><\/p>\n<p>MOQ may vary depending on the product group; it is clarified during the quotation stage.<\/p>\n<\/p><\/div>\n<div class=\"kedo-faq-item\">\n      <strong>What are the packaging options?<\/strong><\/p>\n<p>Usually 20 kg drums; different packaging options can be offered depending on the product group.<\/p>\n<\/p><\/div>\n<div class=\"kedo-faq-item\">\n      <strong>Which certificates are available?<\/strong><\/p>\n<p>Certification details such as ISO, FDA, REACH, and RoHS are provided depending on the product.<\/p>\n<\/p><\/div>\n<\/p><\/div>\n<\/div>\n","protected":false},"excerpt":{"rendered":"<p>Designed for stable-performance production depending on the application type. Mixing ratios and technical details are provided before ordering according to process conditions.<\/p>\n","protected":false},"featured_media":30109,"comment_status":"open","ping_status":"closed","template":"","meta":[],"product_brand":[],"product_cat":[85],"product_tag":[],"class_list":{"0":"post-31730","1":"product","2":"type-product","3":"status-publish","4":"has-post-thumbnail","6":"product_cat-screen-printing-silicones","8":"first","9":"instock","10":"featured","11":"shipping-taxable","12":"product-type-simple"},"yoast_head":"<!-- This site is optimized with the Yoast SEO Premium plugin v26.8 (Yoast SEO v26.9) - https:\/\/yoast.com\/product\/yoast-seo-premium-wordpress\/ -->\n<title>Easy Heat-Curing Silicone Printing Ink for Special Fabrics (KD-SY1007A) | Kedo Silicone<\/title>\n<meta name=\"description\" content=\"Designed for stable-performance production depending on the application type. Mixing ratios and technical details are provided before ordering according to process conditions. | Kedo Silicone\" \/>\n<meta name=\"robots\" content=\"index, follow, max-snippet:-1, max-image-preview:large, max-video-preview:-1\" \/>\n<link rel=\"canonical\" href=\"https:\/\/kedosilicone.com.tr\/en\/urun\/easy-heat-curing-silicone-printing-ink-for-special-fabrics-kd-sy1007a\/\" \/>\n<meta property=\"og:locale\" content=\"en_US\" \/>\n<meta property=\"og:type\" content=\"article\" \/>\n<meta property=\"og:title\" content=\"Easy Heat-Curing Silicone Printing Ink for Special Fabrics (KD-SY1007A) | Kedo Silicone\" \/>\n<meta property=\"og:description\" content=\"Designed for stable-performance production depending on the application type. Mixing ratios and technical details are provided before ordering according to process conditions.\" \/>\n<meta property=\"og:url\" content=\"https:\/\/kedosilicone.com.tr\/en\/urun\/easy-heat-curing-silicone-printing-ink-for-special-fabrics-kd-sy1007a\/\" \/>\n<meta property=\"og:site_name\" content=\"Kedo Silicone\" \/>\n<meta property=\"article:publisher\" content=\"https:\/\/www.facebook.com\/ketossilicone\/\" \/>\n<meta property=\"article:modified_time\" content=\"2026-02-25T11:32:16+00:00\" \/>\n<meta property=\"og:image\" content=\"https:\/\/kedosilicone.com.tr\/wp-content\/uploads\/2026\/01\/Easy-Heat-Drying-Silicone-Printing-Ink-for-Printing-Special-Fabrics-Resistant-to-Silicone-Curing.webp\" \/>\n\t<meta property=\"og:image:width\" content=\"1500\" \/>\n\t<meta property=\"og:image:height\" content=\"1500\" \/>\n\t<meta property=\"og:image:type\" content=\"image\/webp\" \/>\n<meta name=\"twitter:card\" content=\"summary_large_image\" \/>\n<meta name=\"twitter:label1\" content=\"Price\" \/>\n\t<meta name=\"twitter:data1\" content=\"\" \/>\n\t<meta name=\"twitter:label2\" content=\"Availability\" \/>\n\t<meta name=\"twitter:data2\" content=\"In stock\" \/>\n<script type=\"application\/ld+json\" class=\"yoast-schema-graph\">{\"@context\":\"https:\/\/schema.org\",\"@graph\":[{\"@type\":\"WebPage\",\"@id\":\"https:\/\/kedosilicone.com.tr\/en\/urun\/easy-heat-curing-silicone-printing-ink-for-special-fabrics-kd-sy1007a\/\",\"url\":\"https:\/\/kedosilicone.com.tr\/en\/urun\/easy-heat-curing-silicone-printing-ink-for-special-fabrics-kd-sy1007a\/\",\"name\":\"Easy Heat-Curing Silicone Printing Ink for Special Fabrics (KD-SY1007A) | Kedo Silicone\",\"isPartOf\":{\"@id\":\"https:\/\/kedosilicone.com.tr\/#website\"},\"primaryImageOfPage\":{\"@id\":\"https:\/\/kedosilicone.com.tr\/en\/urun\/easy-heat-curing-silicone-printing-ink-for-special-fabrics-kd-sy1007a\/#primaryimage\"},\"image\":{\"@id\":\"https:\/\/kedosilicone.com.tr\/en\/urun\/easy-heat-curing-silicone-printing-ink-for-special-fabrics-kd-sy1007a\/#primaryimage\"},\"thumbnailUrl\":\"https:\/\/kedosilicone.com.tr\/wp-content\/uploads\/2026\/01\/Easy-Heat-Drying-Silicone-Printing-Ink-for-Printing-Special-Fabrics-Resistant-to-Silicone-Curing.webp\",\"datePublished\":\"2026-02-23T19:25:31+00:00\",\"dateModified\":\"2026-02-25T11:32:16+00:00\",\"description\":\"Designed for stable-performance production depending on the application type. Mixing ratios and technical details are provided before ordering according to process conditions. | Kedo Silicone\",\"breadcrumb\":{\"@id\":\"https:\/\/kedosilicone.com.tr\/en\/urun\/easy-heat-curing-silicone-printing-ink-for-special-fabrics-kd-sy1007a\/#breadcrumb\"},\"inLanguage\":\"en-US\",\"potentialAction\":[{\"@type\":\"ReadAction\",\"target\":[\"https:\/\/kedosilicone.com.tr\/en\/urun\/easy-heat-curing-silicone-printing-ink-for-special-fabrics-kd-sy1007a\/\"]}]},{\"@type\":\"ImageObject\",\"inLanguage\":\"en-US\",\"@id\":\"https:\/\/kedosilicone.com.tr\/en\/urun\/easy-heat-curing-silicone-printing-ink-for-special-fabrics-kd-sy1007a\/#primaryimage\",\"url\":\"https:\/\/kedosilicone.com.tr\/wp-content\/uploads\/2026\/01\/Easy-Heat-Drying-Silicone-Printing-Ink-for-Printing-Special-Fabrics-Resistant-to-Silicone-Curing.webp\",\"contentUrl\":\"https:\/\/kedosilicone.com.tr\/wp-content\/uploads\/2026\/01\/Easy-Heat-Drying-Silicone-Printing-Ink-for-Printing-Special-Fabrics-Resistant-to-Silicone-Curing.webp\",\"width\":1500,\"height\":1500},{\"@type\":\"BreadcrumbList\",\"@id\":\"https:\/\/kedosilicone.com.tr\/en\/urun\/easy-heat-curing-silicone-printing-ink-for-special-fabrics-kd-sy1007a\/#breadcrumb\",\"itemListElement\":[{\"@type\":\"ListItem\",\"position\":1,\"name\":\"Ana Sayfa\",\"item\":\"https:\/\/kedosilicone.com.tr\/en\/\"},{\"@type\":\"ListItem\",\"position\":2,\"name\":\"\u00dcr\u00fcnler\",\"item\":\"https:\/\/kedosilicone.com.tr\/urunler\/\"},{\"@type\":\"ListItem\",\"position\":3,\"name\":\"Easy Heat-Curing Silicone Printing Ink for Special Fabrics (KD-SY1007A)\"}]},{\"@type\":\"WebSite\",\"@id\":\"https:\/\/kedosilicone.com.tr\/#website\",\"url\":\"https:\/\/kedosilicone.com.tr\/\",\"name\":\"Kedo Silicone T\u00fcrkiye\",\"description\":\"Silikon Teknolojilerinde Ar-Ge ve \u00dcretim Lideri\",\"publisher\":{\"@id\":\"https:\/\/kedosilicone.com.tr\/#organization\"},\"alternateName\":\"Kedo Silicon\",\"potentialAction\":[{\"@type\":\"SearchAction\",\"target\":{\"@type\":\"EntryPoint\",\"urlTemplate\":\"https:\/\/kedosilicone.com.tr\/?s={search_term_string}\"},\"query-input\":{\"@type\":\"PropertyValueSpecification\",\"valueRequired\":true,\"valueName\":\"search_term_string\"}}],\"inLanguage\":\"en-US\"},{\"@type\":\"Organization\",\"@id\":\"https:\/\/kedosilicone.com.tr\/#organization\",\"name\":\"Kedo Silicone\",\"alternateName\":\"Kedo Silicon\",\"url\":\"https:\/\/kedosilicone.com.tr\/\",\"logo\":{\"@type\":\"ImageObject\",\"inLanguage\":\"en-US\",\"@id\":\"https:\/\/kedosilicone.com.tr\/#\/schema\/logo\/image\/\",\"url\":\"https:\/\/kedosilicone.com.tr\/wp-content\/uploads\/2026\/01\/KEDO-SILICONE-TURKIYE-1-1.png\",\"contentUrl\":\"https:\/\/kedosilicone.com.tr\/wp-content\/uploads\/2026\/01\/KEDO-SILICONE-TURKIYE-1-1.png\",\"width\":500,\"height\":500,\"caption\":\"Kedo Silicone\"},\"image\":{\"@id\":\"https:\/\/kedosilicone.com.tr\/#\/schema\/logo\/image\/\"},\"sameAs\":[\"https:\/\/www.facebook.com\/ketossilicone\/\",\"https:\/\/www.instagram.com\/ketossilicone\/\",\"https:\/\/api.whatsapp.com\/message\/NXSQFMNV6GHNL1\"],\"description\":\"KEDO Silicone, end\u00fcstriyel silikon \u00e7\u00f6z\u00fcmleri alan\u0131nda Ar-Ge, form\u00fclasyon ve \u00fcretim yapan bir kurulu\u015ftur. Tekstil bask\u0131 silikonlar\u0131 ba\u015fta olmak \u00fczere uygulama odakl\u0131 \u00fcr\u00fcn geli\u015ftirme ve teknik destek sunar.\",\"email\":\"info@kedosilicone.com.tr\",\"telephone\":\"0 (538) 978 42 26\",\"legalName\":\"KETOS S\u0130L\u0130KON K\u0130MYA T\u0130CARET L\u0130M\u0130TED \u015e\u0130RKET\u0130\",\"foundingDate\":\"2026-01-01\",\"taxID\":\"5482504263\",\"numberOfEmployees\":{\"@type\":\"QuantitativeValue\",\"minValue\":\"1\",\"maxValue\":\"10\"}}]}<\/script>\n<meta property=\"product:price:currency\" content=\"TRY\" \/>\n<meta property=\"og:availability\" content=\"instock\" \/>\n<meta property=\"product:availability\" content=\"instock\" \/>\n<meta property=\"product:retailer_item_id\" content=\"KD-SY1007Aen\" \/>\n<meta property=\"product:condition\" content=\"new\" \/>\n<!-- \/ Yoast SEO Premium plugin. -->","yoast_head_json":{"title":"Easy Heat-Curing Silicone Printing Ink for Special Fabrics (KD-SY1007A) | Kedo Silicone","description":"Designed for stable-performance production depending on the application type. Mixing ratios and technical details are provided before ordering according to process conditions. | Kedo Silicone","robots":{"index":"index","follow":"follow","max-snippet":"max-snippet:-1","max-image-preview":"max-image-preview:large","max-video-preview":"max-video-preview:-1"},"canonical":"https:\/\/kedosilicone.com.tr\/en\/urun\/easy-heat-curing-silicone-printing-ink-for-special-fabrics-kd-sy1007a\/","og_locale":"en_US","og_type":"article","og_title":"Easy Heat-Curing Silicone Printing Ink for Special Fabrics (KD-SY1007A) | Kedo Silicone","og_description":"Designed for stable-performance production depending on the application type. Mixing ratios and technical details are provided before ordering according to process conditions.","og_url":"https:\/\/kedosilicone.com.tr\/en\/urun\/easy-heat-curing-silicone-printing-ink-for-special-fabrics-kd-sy1007a\/","og_site_name":"Kedo Silicone","article_publisher":"https:\/\/www.facebook.com\/ketossilicone\/","article_modified_time":"2026-02-25T11:32:16+00:00","og_image":[{"width":1500,"height":1500,"url":"https:\/\/kedosilicone.com.tr\/wp-content\/uploads\/2026\/01\/Easy-Heat-Drying-Silicone-Printing-Ink-for-Printing-Special-Fabrics-Resistant-to-Silicone-Curing.webp","type":"image\/webp"}],"twitter_card":"summary_large_image","twitter_misc":{"Price":"","Availability":"In stock"},"schema":{"@context":"https:\/\/schema.org","@graph":[{"@type":"WebPage","@id":"https:\/\/kedosilicone.com.tr\/en\/urun\/easy-heat-curing-silicone-printing-ink-for-special-fabrics-kd-sy1007a\/","url":"https:\/\/kedosilicone.com.tr\/en\/urun\/easy-heat-curing-silicone-printing-ink-for-special-fabrics-kd-sy1007a\/","name":"Easy Heat-Curing Silicone Printing Ink for Special Fabrics (KD-SY1007A) | Kedo Silicone","isPartOf":{"@id":"https:\/\/kedosilicone.com.tr\/#website"},"primaryImageOfPage":{"@id":"https:\/\/kedosilicone.com.tr\/en\/urun\/easy-heat-curing-silicone-printing-ink-for-special-fabrics-kd-sy1007a\/#primaryimage"},"image":{"@id":"https:\/\/kedosilicone.com.tr\/en\/urun\/easy-heat-curing-silicone-printing-ink-for-special-fabrics-kd-sy1007a\/#primaryimage"},"thumbnailUrl":"https:\/\/kedosilicone.com.tr\/wp-content\/uploads\/2026\/01\/Easy-Heat-Drying-Silicone-Printing-Ink-for-Printing-Special-Fabrics-Resistant-to-Silicone-Curing.webp","datePublished":"2026-02-23T19:25:31+00:00","dateModified":"2026-02-25T11:32:16+00:00","description":"Designed for stable-performance production depending on the application type. Mixing ratios and technical details are provided before ordering according to process conditions. | Kedo Silicone","breadcrumb":{"@id":"https:\/\/kedosilicone.com.tr\/en\/urun\/easy-heat-curing-silicone-printing-ink-for-special-fabrics-kd-sy1007a\/#breadcrumb"},"inLanguage":"en-US","potentialAction":[{"@type":"ReadAction","target":["https:\/\/kedosilicone.com.tr\/en\/urun\/easy-heat-curing-silicone-printing-ink-for-special-fabrics-kd-sy1007a\/"]}]},{"@type":"ImageObject","inLanguage":"en-US","@id":"https:\/\/kedosilicone.com.tr\/en\/urun\/easy-heat-curing-silicone-printing-ink-for-special-fabrics-kd-sy1007a\/#primaryimage","url":"https:\/\/kedosilicone.com.tr\/wp-content\/uploads\/2026\/01\/Easy-Heat-Drying-Silicone-Printing-Ink-for-Printing-Special-Fabrics-Resistant-to-Silicone-Curing.webp","contentUrl":"https:\/\/kedosilicone.com.tr\/wp-content\/uploads\/2026\/01\/Easy-Heat-Drying-Silicone-Printing-Ink-for-Printing-Special-Fabrics-Resistant-to-Silicone-Curing.webp","width":1500,"height":1500},{"@type":"BreadcrumbList","@id":"https:\/\/kedosilicone.com.tr\/en\/urun\/easy-heat-curing-silicone-printing-ink-for-special-fabrics-kd-sy1007a\/#breadcrumb","itemListElement":[{"@type":"ListItem","position":1,"name":"Ana Sayfa","item":"https:\/\/kedosilicone.com.tr\/en\/"},{"@type":"ListItem","position":2,"name":"\u00dcr\u00fcnler","item":"https:\/\/kedosilicone.com.tr\/urunler\/"},{"@type":"ListItem","position":3,"name":"Easy Heat-Curing Silicone Printing Ink for Special Fabrics (KD-SY1007A)"}]},{"@type":"WebSite","@id":"https:\/\/kedosilicone.com.tr\/#website","url":"https:\/\/kedosilicone.com.tr\/","name":"Kedo Silicone T\u00fcrkiye","description":"Silikon Teknolojilerinde Ar-Ge ve \u00dcretim Lideri","publisher":{"@id":"https:\/\/kedosilicone.com.tr\/#organization"},"alternateName":"Kedo Silicon","potentialAction":[{"@type":"SearchAction","target":{"@type":"EntryPoint","urlTemplate":"https:\/\/kedosilicone.com.tr\/?s={search_term_string}"},"query-input":{"@type":"PropertyValueSpecification","valueRequired":true,"valueName":"search_term_string"}}],"inLanguage":"en-US"},{"@type":"Organization","@id":"https:\/\/kedosilicone.com.tr\/#organization","name":"Kedo Silicone","alternateName":"Kedo Silicon","url":"https:\/\/kedosilicone.com.tr\/","logo":{"@type":"ImageObject","inLanguage":"en-US","@id":"https:\/\/kedosilicone.com.tr\/#\/schema\/logo\/image\/","url":"https:\/\/kedosilicone.com.tr\/wp-content\/uploads\/2026\/01\/KEDO-SILICONE-TURKIYE-1-1.png","contentUrl":"https:\/\/kedosilicone.com.tr\/wp-content\/uploads\/2026\/01\/KEDO-SILICONE-TURKIYE-1-1.png","width":500,"height":500,"caption":"Kedo Silicone"},"image":{"@id":"https:\/\/kedosilicone.com.tr\/#\/schema\/logo\/image\/"},"sameAs":["https:\/\/www.facebook.com\/ketossilicone\/","https:\/\/www.instagram.com\/ketossilicone\/","https:\/\/api.whatsapp.com\/message\/NXSQFMNV6GHNL1"],"description":"KEDO Silicone, end\u00fcstriyel silikon \u00e7\u00f6z\u00fcmleri alan\u0131nda Ar-Ge, form\u00fclasyon ve \u00fcretim yapan bir kurulu\u015ftur. Tekstil bask\u0131 silikonlar\u0131 ba\u015fta olmak \u00fczere uygulama odakl\u0131 \u00fcr\u00fcn geli\u015ftirme ve teknik destek sunar.","email":"info@kedosilicone.com.tr","telephone":"0 (538) 978 42 26","legalName":"KETOS S\u0130L\u0130KON K\u0130MYA T\u0130CARET L\u0130M\u0130TED \u015e\u0130RKET\u0130","foundingDate":"2026-01-01","taxID":"5482504263","numberOfEmployees":{"@type":"QuantitativeValue","minValue":"1","maxValue":"10"}}]},"product_price_currency":"TRY","og_availability":"instock","product_availability":"instock","product_retailer_item_id":"KD-SY1007Aen","product_condition":"new"},"_links":{"self":[{"href":"https:\/\/kedosilicone.com.tr\/en\/wp-json\/wp\/v2\/product\/31730","targetHints":{"allow":["GET"]}}],"collection":[{"href":"https:\/\/kedosilicone.com.tr\/en\/wp-json\/wp\/v2\/product"}],"about":[{"href":"https:\/\/kedosilicone.com.tr\/en\/wp-json\/wp\/v2\/types\/product"}],"replies":[{"embeddable":true,"href":"https:\/\/kedosilicone.com.tr\/en\/wp-json\/wp\/v2\/comments?post=31730"}],"version-history":[{"count":3,"href":"https:\/\/kedosilicone.com.tr\/en\/wp-json\/wp\/v2\/product\/31730\/revisions"}],"predecessor-version":[{"id":31968,"href":"https:\/\/kedosilicone.com.tr\/en\/wp-json\/wp\/v2\/product\/31730\/revisions\/31968"}],"wp:featuredmedia":[{"embeddable":true,"href":"https:\/\/kedosilicone.com.tr\/en\/wp-json\/wp\/v2\/media\/30109"}],"wp:attachment":[{"href":"https:\/\/kedosilicone.com.tr\/en\/wp-json\/wp\/v2\/media?parent=31730"}],"wp:term":[{"taxonomy":"product_brand","embeddable":true,"href":"https:\/\/kedosilicone.com.tr\/en\/wp-json\/wp\/v2\/product_brand?post=31730"},{"taxonomy":"product_cat","embeddable":true,"href":"https:\/\/kedosilicone.com.tr\/en\/wp-json\/wp\/v2\/product_cat?post=31730"},{"taxonomy":"product_tag","embeddable":true,"href":"https:\/\/kedosilicone.com.tr\/en\/wp-json\/wp\/v2\/product_tag?post=31730"}],"curies":[{"name":"wp","href":"https:\/\/api.w.org\/{rel}","templated":true}]}}